{"id":17,"date":"2025-08-05T20:30:03","date_gmt":"2025-08-05T20:30:03","guid":{"rendered":"https:\/\/slushyplanet.com\/?page_id=17"},"modified":"2026-01-27T11:17:08","modified_gmt":"2026-01-27T11:17:08","slug":"terms-of-use","status":"publish","type":"page","link":"https:\/\/slushyplanet.com\/de\/nutzungsbedingungen\/","title":{"rendered":"Nutzungsbedingungen"},"content":{"rendered":"<p>[et_pb_section fb_built=&#8221;1&#8243; admin_label=&#8221;section&#8221; _builder_version=&#8221;4.16&#8243; custom_padding=&#8221;14px|||||&#8221; global_colors_info=&#8221;{}&#8221;][et_pb_row admin_label=&#8221;row&#8221; _builder_version=&#8221;4.16&#8243; background_size=&#8221;initial&#8221; background_position=&#8221;top_left&#8221; background_repeat=&#8221;repeat&#8221; global_colors_info=&#8221;{}&#8221;][et_pb_column type=&#8221;4_4&#8243; _builder_version=&#8221;4.16&#8243; custom_padding=&#8221;|||&#8221; global_colors_info=&#8221;{}&#8221; custom_padding__hover=&#8221;|||&#8221;][et_pb_text _builder_version=&#8221;4.27.5&#8243; _module_preset=&#8221;default&#8221; text_font=&#8221;Quicksand||||||||&#8221; text_font_size=&#8221;16px&#8221; header_font=&#8221;Quicksand|600|||||||&#8221; header_font_size=&#8221;45px&#8221; header_2_font_size=&#8221;32px&#8221; hover_enabled=&#8221;0&#8243; global_colors_info=&#8221;{}&#8221; sticky_enabled=&#8221;0&#8243;]<\/p>\n<h2><strong>Allgemeine Gesch\u00e4ftsbedingungen<\/strong><\/h2>\n<p><strong><\/strong><\/p>\n<p><strong><\/strong><\/p>\n<p class=\" translation-block\"><strong>Zuletzt aktualisiert:<\/strong> Oktober 2025<\/p>\n<p class=\" translation-block\">Willkommen bei <strong>Slushy Planet<\/strong>, im Besitz und betrieben von Slushy Planet In commerce LLC mit Sitz in <strong>75E 3rd, Sheridan Wyoming, USA<\/strong>. Durch den Zugriff auf oder die Nutzung unserer Website <strong>(<a href=\"https:\/\/slushyplanet.com\" target=\"_self\">\nhttps:\/\/slushyplanet.com\n<\/a>)<\/strong> erkl\u00e4ren Sie sich damit einverstanden, die folgenden Allgemeinen Gesch\u00e4ftsbedingungen einzuhalten und an sie gebunden zu sein. Bitte lesen Sie diese sorgf\u00e4ltig, bevor Sie einen Kauf t\u00e4tigen.<\/p>\n<hr \/>\n<h3><strong>1. Allgemeine Informationen<\/strong><\/h3>\n<p class=\" translation-block\">Slushy Planet betreibt einen Online-Shop, der <strong>Slushy-Maschinen, Eismaschinen und Donut-Maschinen<\/strong> anbietet.\nAlle auf dieser Website angebotenen Produkte und Dienstleistungen werden von Slushy Planet In commerce LLC bereitgestellt, die in den USA registriert ist.<\/p>\n<p>Wenn Sie mit einem dieser Bedingungen nicht einverstanden sind, verwenden Sie bitte unsere Website nicht.<\/p>\n<hr \/>\n<h3><strong>2. Bestellungen und Zahlungen<\/strong><\/h3>\n<p class=\" translation-block\">Alle auf der Website angegebenen Preise sind in <strong>Euro (EUR)<\/strong> und enthalten die Mehrwertsteuer, sofern nicht anders angegeben.\nWir akzeptieren derzeit sichere Zahlungen \u00fcber <strong>Stripe<\/strong> und <strong>PayPal<\/strong>.<\/p>\n<p>Bestellungen werden best\u00e4tigt, sobald die Zahlung erfolgreich verarbeitet wurde. Sie erhalten eine Bestellbest\u00e4tigung per E-Mail.<\/p>\n<hr \/>\n<h3><strong>3. Versand und Lieferung<\/strong><\/h3>\n<p class=\" translation-block\">Wir versenden unsere Produkte <strong>innerhalb der Europ\u00e4ischen Union und weltweit<\/strong> \u00fcber vertrauensw\u00fcrdige Kurierdienste.\nDie Versandkosten werden <strong>vom Kunden getragen<\/strong> und beim Checkout basierend auf dem Lieferziel und dem Paketgewicht berechnet.<\/p>\n<p>Die voraussichtlichen Lieferzeiten werden nach Aufgabe Ihrer Bestellung mitgeteilt. Verz\u00f6gerungen, die durch den Zoll oder Kurierdienste verursacht werden, liegen au\u00dferhalb unserer Kontrolle.<\/p>\n<hr \/>\n<h3><strong>4. R\u00fccksendungen und R\u00fcckerstattungen<\/strong><\/h3>\n<p class=\" translation-block\">Kundenzufriedenheit ist unsere Priorit\u00e4t.\nWenn Sie mit Ihrem Kauf nicht vollst\u00e4ndig zufrieden sind, k\u00f6nnen Sie <strong>das Produkt innerhalb von 30 Tagen<\/strong> nach Lieferung f\u00fcr eine vollst\u00e4ndige R\u00fcckerstattung zur\u00fcckgeben, vorausgesetzt, der Artikel ist unbenutzt, in der Originalverpackung und in verkaufsf\u00e4higem Zustand.<\/p>\n<p class=\" translation-block\">Um eine R\u00fccksendung zu veranlassen, kontaktieren Sie uns bitte unter <strong><a href=\"mailto:info@slushyplanet.com\" target=\"_self\">info@slushyplanet.com<\/a><\/strong> mit Ihrer Bestellnummer und dem Grund f\u00fcr die R\u00fccksendung.\nR\u00fcckerstattungen werden \u00fcber die gleiche Zahlungsmethode erfolgen, die f\u00fcr den urspr\u00fcnglichen Kauf verwendet wurde.<\/p>\n<hr \/>\n<h3><strong>5. Produktinformationen<\/strong><\/h3>\n<p class=\" translation-block\">Wir bem\u00fchen uns sicherzustellen, dass alle Produktbeschreibungen, Bilder und Preise korrekt und aktuell sind.\nAllerdings beh\u00e4lt sich <strong>Slushy Planet In commerce LLC<\/strong> das Recht vor, Fehler zu korrigieren, Produktdetails zu aktualisieren oder Preise ohne vorherige Ank\u00fcndigung zu \u00e4ndern<\/p>\n<hr \/>\n<h3><strong>6. Haftungsbeschr\u00e4nkung<\/strong><\/h3>\n<p>Slushy Planet In commerce LLC haftet nicht f\u00fcr indirekte, zuf\u00e4llige oder Folgesch\u00e4den, die aus der Nutzung oder Unf\u00e4higkeit zur Nutzung unserer Produkte oder Website entstehen.<\/p>\n<p>Alle Produkte sollten gem\u00e4\u00df den Anweisungen des Herstellers verwendet werden. Unsachgem\u00e4\u00dfe Verwendung kann zum Erl\u00f6schen der Garantie f\u00fchren und Sch\u00e4den oder Verletzungen verursachen.<\/p>\n<hr \/>\n<h3><strong>7. Datenschutzerkl\u00e4rung<\/strong><\/h3>\n<p class=\" translation-block\">Wir sind dem Schutz Ihrer Privatsph\u00e4re verpflichtet.\nInformationen dar\u00fcber, wie wir Ihre personenbezogenen Daten erfassen, verwenden und sch\u00fctzen, finden Sie in unserer <a href=\"\/privacy-policy\" target=\"_self\">Datenschutzerkl\u00e4rung<\/a>.<\/p>\n<hr \/>\n<h3><strong>8. Anwendbares Recht<\/strong><\/h3>\n<p class=\" translation-block\">Diese Allgemeinen Gesch\u00e4ftsbedingungen unterliegen den <strong>Gesetzen der USA<\/strong> und sind nach diesen auszulegen.\nAlle Streitigkeiten, die aus diesen Bedingungen entstehen, unterliegen der <strong>ausschlie\u00dflichen Gerichtsbarkeit der Gerichte in Wyoming, USA<\/strong>.<\/p>\n<hr \/>\n<h3><strong>9. Kontaktinformationen<\/strong><\/h3>\n<p class=\" translation-block\">F\u00fcr Fragen, Anfragen oder Beschwerden kontaktieren Sie uns bitte:<br>\n\ud83d\udce7 <strong><a href=\"mailto:info@slushyplanet.com\" target=\"_self\">info@slushyplanet.com<\/a><\/strong><br>\n\ud83c\udfe2 <strong>Slushy Planet In commerce LLC<\/strong><br>\n\ud83d\udccd <strong>75E 3rd, Sheridan Wyoming, USA<\/strong><\/p>\n<p>[\/et_pb_text][\/et_pb_column][\/et_pb_row][\/et_pb_section]<\/p>","protected":false},"excerpt":{"rendered":"<p>Terms and Conditions Last updated: October 2025 Welcome to Slushy Planet, owned and operated by Slushy Planet In commerce LLC, located at 75E 3rd, Sheridan Wyoming, USA. By accessing or using our website (https:\/\/slushyplanet.com), you agree to comply with and be bound by the following Terms and Conditions. Please read them carefully before making any [&hellip;]<\/p>","protected":false},"author":1,"featured_media":0,"parent":0,"menu_order":0,"comment_status":"closed","ping_status":"closed","template":"","meta":{"_et_pb_use_builder":"on","_et_pb_old_content":"","_et_gb_content_width":"","footnotes":""},"class_list":["post-17","page","type-page","status-publish","hentry"],"_links":{"self":[{"href":"https:\/\/slushyplanet.com\/de\/wp-json\/wp\/v2\/pages\/17","targetHints":{"allow":["GET"]}}],"collection":[{"href":"https:\/\/slushyplanet.com\/de\/wp-json\/wp\/v2\/pages"}],"about":[{"href":"https:\/\/slushyplanet.com\/de\/wp-json\/wp\/v2\/types\/page"}],"author":[{"embeddable":true,"href":"https:\/\/slushyplanet.com\/de\/wp-json\/wp\/v2\/users\/1"}],"replies":[{"embeddable":true,"href":"https:\/\/slushyplanet.com\/de\/wp-json\/wp\/v2\/comments?post=17"}],"version-history":[{"count":7,"href":"https:\/\/slushyplanet.com\/de\/wp-json\/wp\/v2\/pages\/17\/revisions"}],"predecessor-version":[{"id":362097,"href":"https:\/\/slushyplanet.com\/de\/wp-json\/wp\/v2\/pages\/17\/revisions\/362097"}],"wp:attachment":[{"href":"https:\/\/slushyplanet.com\/de\/wp-json\/wp\/v2\/media?parent=17"}],"curies":[{"name":"wp","href":"https:\/\/api.w.org\/{rel}","templated":true}]}}