{"id":221048,"date":"2025-08-12T21:57:28","date_gmt":"2025-08-12T21:57:28","guid":{"rendered":"https:\/\/slushyplanet.com\/?post_type=product&#038;p=221048"},"modified":"2025-11-04T13:27:27","modified_gmt":"2025-11-04T13:27:27","slug":"vevor-ice-cream-machine-1200w-a168-panassonic-compressor-ice-cream-maker-3flavors-ice-cream-making-machine-4-nozzles-lcd-pannel-copy","status":"publish","type":"product","link":"https:\/\/slushyplanet.com\/de\/produkt\/vevor-ice-cream-machine-1200w-a168-panassonic-compressor-ice-cream-maker-3flavors-ice-cream-making-machine-4-nozzles-lcd-pannel-copy\/","title":{"rendered":"VEVOR Eismaschine 1200\u202fW A168 Panasonic-Kompressor Eismaschine"},"content":{"rendered":"<ul>\n<li data-spm-anchor-id=\"a2g0o.detail.1000023.i0.614c8VHa8VHaAF\">\n<p data-spm-anchor-id=\"a2g0o.detail.1000023.i1.614c8VHa8VHaAF\">Unsere aus Edelstahl gefertigte, gewerbliche Eismaschine ist leicht zu reinigen und besonders langlebig. Zwei Beh\u00e4lter (je 0,8 Gallonen) gew\u00e4hrleisten eine hohe Produktionsleistung von 5 Gallonen pro Stunde. Diese professionelle Eismaschine eignet sich ideal f\u00fcr Getr\u00e4nkeketten, Bars, Catering-Unternehmen und vieles mehr.<\/p>\n<\/li>\n<li>NOTIZ<\/li>\n<li>\u2460 Der Beh\u00e4lter verf\u00fcgt \u00fcber keine K\u00fchlfunktion. Bitte entnehmen Sie die Eismischung rechtzeitig, wenn sie nicht verwendet wird.<\/li>\n<li>\u2461 Angesichts der Wichtigkeit der Eisrezeptur wird dringend empfohlen, das Standardverh\u00e4ltnis von Wasser und Eiscremepulver (1:2,5) einzuhalten, anstatt Milchpaste zu verwenden.<\/li>\n<li>3L Hohe Produktionskapazit\u00e4t<\/li>\n<li>2 Hopper &amp; 2+1 Geschmacksrichtungen<\/li>\n<li>Leistungsstarker 1200-W-Kompressor<\/li>\n<li>\n<p data-spm-anchor-id=\"a2g0o.detail.1000023.i2.614c8VHa8VHaAF\">Intelligente LCD-Panel-Steuerung<\/p>\n<\/li>\n<li>Gut gestaltete Details<\/li>\n<\/ul>","protected":false},"excerpt":{"rendered":"<p>Die VEVOR 1200W Eismaschine mit ihrem zuverl\u00e4ssigen Panasonic-Kompressor produziert drei k\u00f6stliche Eissorten sowie eine innovative Kombination f\u00fcr unz\u00e4hlige Dessertkreationen. Dank vier austauschbarer D\u00fcsen gelingen Ihnen vielf\u00e4ltige Texturen und Formen, mit denen Sie Ihre Kunden oder G\u00e4ste begeistern werden.<\/p>\n<p>Das intuitive LCD-Bedienfeld erm\u00f6glicht eine einfache Handhabung, w\u00e4hrend das effiziente K\u00fchlsystem f\u00fcr cremig-zartes Eis in jeder Charge sorgt. Ideal f\u00fcr Caf\u00e9s, Restaurants, Konditoreien oder Eiscreme-Liebhaber, die zu Hause professionelle Ergebnisse erzielen m\u00f6chten.<\/p>","protected":false},"featured_media":221042,"comment_status":"open","ping_status":"closed","template":"","meta":{"_et_pb_use_builder":"","_et_pb_old_content":"","_et_gb_content_width":""},"product_brand":[57],"product_cat":[32],"product_tag":[36,35,33,34],"class_list":{"0":"post-221048","1":"product","2":"type-product","3":"status-publish","4":"has-post-thumbnail","6":"product_brand-vevor","7":"product_cat-ice-cream-maker","8":"product_tag-4-nozzles","9":"product_tag-compressor-ice-cream","10":"product_tag-ice-cream","11":"product_tag-ice-cream-makers","13":"first","14":"instock","15":"shipping-taxable","16":"purchasable","17":"product-type-simple"},"_links":{"self":[{"href":"https:\/\/slushyplanet.com\/de\/wp-json\/wp\/v2\/product\/221048","targetHints":{"allow":["GET"]}}],"collection":[{"href":"https:\/\/slushyplanet.com\/de\/wp-json\/wp\/v2\/product"}],"about":[{"href":"https:\/\/slushyplanet.com\/de\/wp-json\/wp\/v2\/types\/product"}],"replies":[{"embeddable":true,"href":"https:\/\/slushyplanet.com\/de\/wp-json\/wp\/v2\/comments?post=221048"}],"wp:featuredmedia":[{"embeddable":true,"href":"https:\/\/slushyplanet.com\/de\/wp-json\/wp\/v2\/media\/221042"}],"wp:attachment":[{"href":"https:\/\/slushyplanet.com\/de\/wp-json\/wp\/v2\/media?parent=221048"}],"wp:term":[{"taxonomy":"product_brand","embeddable":true,"href":"https:\/\/slushyplanet.com\/de\/wp-json\/wp\/v2\/product_brand?post=221048"},{"taxonomy":"product_cat","embeddable":true,"href":"https:\/\/slushyplanet.com\/de\/wp-json\/wp\/v2\/product_cat?post=221048"},{"taxonomy":"product_tag","embeddable":true,"href":"https:\/\/slushyplanet.com\/de\/wp-json\/wp\/v2\/product_tag?post=221048"}],"curies":[{"name":"wp","href":"https:\/\/api.w.org\/{rel}","templated":true}]}}