{"id":221049,"date":"2025-08-12T22:03:17","date_gmt":"2025-08-12T22:03:17","guid":{"rendered":"https:\/\/slushyplanet.com\/?post_type=product&#038;p=221049"},"modified":"2025-11-03T23:11:03","modified_gmt":"2025-11-03T23:11:03","slug":"vevor-commercial-ice-cream-machine-3-flavor-yogurt-maker","status":"publish","type":"product","link":"https:\/\/slushyplanet.com\/de\/produkt\/vevor-commercial-ice-cream-machine-3-flavor-yogurt-maker\/","title":{"rendered":"VEVOR Gewerbliche Eismaschine und 3-Flavor-Joghurt-Maschine"},"content":{"rendered":"<ul class=\"seo-sellpoints--sellerPoint--RcmFO_y\">\n<li>\n<p data-spm-anchor-id=\"a2g0o.detail.0.i1.1601lBazlBazUx\">Hohe Produktionskapazit\u00e4t: Mit 2 Beh\u00e4ltern \u00e0 0,8 Gallonen produziert diese Eismaschine 5 Gallonen pro Stunde und maximiert so die Effizienz f\u00fcr Betriebe mit hohem Kundenaufkommen.<\/p>\n<\/li>\n<li>3 Geschmacksrichtungen &amp; 3 D\u00fcsen: Bieten Sie 3 verschiedene Geschmacksrichtungen und 3 D\u00fcsen an, um die Eiscremepr\u00e4sentation individuell zu gestalten und die Kunden mit Vielfalt zu begeistern.<\/li>\n<li>Benutzerfreundliches Design: Ergonomische Griffe, eine abnehmbare Tropfschale und ein LCD-Display erleichtern die Bedienung und Wartung dieser Maschine.<\/li>\n<li>Breites Anwendungsspektrum: Diese Eismaschine ist ideal f\u00fcr Restaurants, Caf\u00e9s und Superm\u00e4rkte und eignet sich vielseitig f\u00fcr unterschiedlichste gewerbliche Umgebungen.<\/li>\n<li>\n<p data-spm-anchor-id=\"a2g0o.detail.0.i2.1601lBazlBazUx\">Leistungsstarker Kompressor: Ausgestattet mit einem 1200-W-Kompressor gew\u00e4hrleistet die Maschine eine stabile und energieeffiziente Eiscremeproduktion.<\/p>\n<\/li>\n<\/ul>","protected":false},"excerpt":{"rendered":"<div data-spm-anchor-id=\"a2g0o.detail.1000023.i2.1601lBazlBazUx\">\n<div data-spm-anchor-id=\"a2g0o.detail.1000023.i0.1601lBazlBazUx\">Tisch-Softeismaschine \u2013 Starten Sie eine k\u00f6stliche Reise<\/div>\n<div>5 Gallonen\/Stunde, 3 Geschmacksrichtungen und 1200-W-Kompressor<\/div>\n<div>Unsere aus Edelstahl gefertigte, gewerbliche Eismaschine ist leicht zu reinigen und besonders langlebig. Zwei Beh\u00e4lter (je 0,8 Gallonen) gew\u00e4hrleisten eine hohe Produktionsleistung von 5 Gallonen pro Stunde. Diese professionelle Eismaschine eignet sich ideal f\u00fcr Getr\u00e4nkeketten, Bars, Catering-Unternehmen und vieles mehr.<\/div>\n<ul>\n<li>NOTIZ<\/li>\n<li>\u2460 Der Beh\u00e4lter verf\u00fcgt \u00fcber keine K\u00fchlfunktion. Bitte entnehmen Sie die Eismischung rechtzeitig, wenn sie nicht verwendet wird.<\/li>\n<li>\u2461 Angesichts der Wichtigkeit der Eisrezeptur wird dringend empfohlen, das Standardverh\u00e4ltnis von Wasser und Eiscremepulver (1:2,5) einzuhalten, anstatt Milchpaste zu verwenden.<\/li>\n<li>\n<p data-spm-anchor-id=\"a2g0o.detail.1000023.i1.1601lBazlBazUx\"><strong>Eines sollten Sie wissen: Alle diese Softeismaschinen mit 2+1 Geschmacksrichtungen werden w\u00e4hrend der Produktion getestet. Reinigen Sie Ihre Maschinen daher vor der ersten Benutzung.<\/strong><\/p>\n<\/li>\n<li>3L Hohe Produktionskapazit\u00e4t<\/li>\n<li>\n<p data-spm-anchor-id=\"a2g0o.detail.1000023.i3.1601lBazlBazUx\">2 Hopper &amp; 2+1 Geschmacksrichtungen<\/p>\n<\/li>\n<li>Leistungsstarker 1200-W-Kompressor<\/li>\n<li>Intelligente LCD-Panel-Steuerung<\/li>\n<li>Gut gestaltete Details<\/li>\n<\/ul>\n<\/div>","protected":false},"featured_media":221077,"comment_status":"open","ping_status":"closed","template":"","meta":{"_et_pb_use_builder":"","_et_pb_old_content":"","_et_gb_content_width":""},"product_brand":[57],"product_cat":[32],"product_tag":[33,37,34,42,41],"class_list":{"0":"post-221049","1":"product","2":"type-product","3":"status-publish","4":"has-post-thumbnail","6":"product_brand-vevor","7":"product_cat-ice-cream-maker","8":"product_tag-ice-cream","9":"product_tag-ice-cream-machine","10":"product_tag-ice-cream-makers","11":"product_tag-vevor","12":"product_tag-yogurt-maker","14":"first","15":"instock","16":"shipping-taxable","17":"purchasable","18":"product-type-simple"},"_links":{"self":[{"href":"https:\/\/slushyplanet.com\/de\/wp-json\/wp\/v2\/product\/221049","targetHints":{"allow":["GET"]}}],"collection":[{"href":"https:\/\/slushyplanet.com\/de\/wp-json\/wp\/v2\/product"}],"about":[{"href":"https:\/\/slushyplanet.com\/de\/wp-json\/wp\/v2\/types\/product"}],"replies":[{"embeddable":true,"href":"https:\/\/slushyplanet.com\/de\/wp-json\/wp\/v2\/comments?post=221049"}],"wp:featuredmedia":[{"embeddable":true,"href":"https:\/\/slushyplanet.com\/de\/wp-json\/wp\/v2\/media\/221077"}],"wp:attachment":[{"href":"https:\/\/slushyplanet.com\/de\/wp-json\/wp\/v2\/media?parent=221049"}],"wp:term":[{"taxonomy":"product_brand","embeddable":true,"href":"https:\/\/slushyplanet.com\/de\/wp-json\/wp\/v2\/product_brand?post=221049"},{"taxonomy":"product_cat","embeddable":true,"href":"https:\/\/slushyplanet.com\/de\/wp-json\/wp\/v2\/product_cat?post=221049"},{"taxonomy":"product_tag","embeddable":true,"href":"https:\/\/slushyplanet.com\/de\/wp-json\/wp\/v2\/product_tag?post=221049"}],"curies":[{"name":"wp","href":"https:\/\/api.w.org\/{rel}","templated":true}]}}