{"id":221050,"date":"2025-08-12T22:03:47","date_gmt":"2025-08-12T22:03:47","guid":{"rendered":"https:\/\/slushyplanet.com\/?post_type=product&#038;p=221050"},"modified":"2025-08-17T18:52:31","modified_gmt":"2025-08-17T18:52:31","slug":"succebuy-commercial-ice-cream-machine","status":"publish","type":"product","link":"https:\/\/slushyplanet.com\/de\/produkt\/succebuy-commercial-ice-cream-machine\/","title":{"rendered":"SucceBuy Gewerbliche Eismaschine"},"content":{"rendered":"<p>Diese professionelle Tisch-Eismaschine produziert Eiscreme in nur 15 Minuten. Dank ihres leistungsstarken und leisen Kompressors (unter 66 dB) kann sie kontinuierlich 4 bis 6 Eiskugeln herstellen und erreicht eine Produktionsmenge von bis zu 10 Litern Eiscreme pro Stunde \u2013 f\u00fcr eine perfekt cremige Konsistenz.<\/p>\n<p>Mit integrierter Aufblastechnologie wird der Luftkontakt des Eises optimiert, wodurch bei gleicher Zutatenmenge eine cremigere Konsistenz entsteht. Die H\u00e4rtegrad-Einstellung erm\u00f6glicht die individuelle Anpassung der Konsistenz \u2013 so gelingt jede Portion nach Wunsch.<\/p>\n<p>Diese Softeismaschine ist aus hochwertigem Edelstahl gefertigt und verf\u00fcgt \u00fcber einen Zylinder aus lebensmittelechtem Edelstahl 304. Dadurch zeichnet sie sich durch erh\u00f6hte Langlebigkeit und einfache Reinigung aus. Ihre Rostbest\u00e4ndigkeit gew\u00e4hrleistet Langlebigkeit und Hygiene im gewerblichen Bereich.<\/p>\n<p>Ausgestattet mit einem Hochgeschwindigkeits-Rotationsmechanismus und einem effektiven K\u00fchlsystem, einschlie\u00dflich eines integrierten Kupferrohrkondensators und gro\u00dffl\u00e4chigen seitlichen L\u00fcftungsschlitzen. Diese Konstruktion gew\u00e4hrleistet eine gleichm\u00e4\u00dfige K\u00fchlung und W\u00e4rmeableitung und sorgt so f\u00fcr eine gleichbleibende Konsistenz und Festigkeit des Eises.<\/p>\n<ul>\n<li data-spm-anchor-id=\"a2g0o.detail.1000023.i4.578aZ7UNZ7UNRd\">\n<p data-spm-anchor-id=\"a2g0o.detail.1000023.i5.578aZ7UNZ7UNRd\">Hohe Produktivit\u00e4t: Diese gewerbliche Tisch-Eismaschine produziert bis zu 10 Liter Eiscreme pro Stunde und arbeitet effizient bei Umgebungstemperaturen von 5 bis 32 \u00b0C. Sie liefert kontinuierlich 4 bis 6 Portionen (je 80 g) ohne Unterbrechung.<\/p>\n<\/li>\n<li>Schnelles Einfrieren dank leistungsstarker K\u00fchlung: Ausgestattet mit einem robusten Kompressor und einem 4-Liter-Beh\u00e4lter (4,2 qt) erm\u00f6glicht diese professionelle Eismaschine ein schnelles Einfrieren. Die erste Einfrierzeit betr\u00e4gt nur 15 Minuten, nachfolgende Chargen sind in 6 Minuten oder weniger fertig \u2013 f\u00fcr eine kontinuierliche Versorgung.<\/li>\n<li>Benutzerfreundliche Oberfl\u00e4che: Ausgestattet mit einem Touchpanel vereinfacht diese Eismaschine die Bedienung. Dank des erh\u00f6hten Designs muss man sich nicht mehr b\u00fccken. Die Maschine verf\u00fcgt \u00fcber automatische K\u00fchlung, Ein-Klick-Reinigung und Timer-Einstellungen. Produktionszeit und Restmenge lassen sich auf dem intuitiven Display jederzeit im Blick behalten.<\/li>\n<li>Robust und langlebig: Die Softeismaschine f\u00fcr den gewerblichen Einsatz ist aus hochwertigem Edelstahl SUS201 gefertigt und verf\u00fcgt \u00fcber einen Zylinder aus lebensmittelechtem Edelstahl SUS304. Sie ist robust, rostbest\u00e4ndig und leicht zu reinigen und gew\u00e4hrleistet so Langlebigkeit und Lebensmittelsicherheit.<\/li>\n<li>\n<p data-spm-anchor-id=\"a2g0o.detail.1000023.i6.578aZ7UNZ7UNRd\">Vielseitige Anwendung: Diese Softeismaschine ist vielseitig einsetzbar und ideal f\u00fcr die Zubereitung einer breiten Palette an Eiscreme-Spezialit\u00e4ten wie Waffeln, Eist\u00fcten und Eistorten. Sie ist die perfekte Erg\u00e4nzung f\u00fcr Eisdielen, Caf\u00e9s, Getr\u00e4nkebars und kleine Imbissst\u00e4nde und wertet jedes Lokal auf.<\/p>\n<\/li>\n<\/ul>\n<p>&nbsp;<\/p>","protected":false},"excerpt":{"rendered":"<p>This commercial desktop ice cream maker produces ice cream in just 15 minutes. With a powerful compressor that operates quietly at less than 66 dB. It can continuously deliver 4 to 6 ice cream balls, reaching up to 10L\/2.7 gal of ice cream per hour for the perfect smooth, creamy texture mix. Features built-in puffing [&hellip;]<\/p>","protected":false},"featured_media":221084,"comment_status":"open","ping_status":"closed","template":"","meta":{"_et_pb_use_builder":"","_et_pb_old_content":"","_et_gb_content_width":""},"product_brand":[83],"product_cat":[32],"product_tag":[33,34,43],"class_list":{"0":"post-221050","1":"product","2":"type-product","3":"status-publish","4":"has-post-thumbnail","6":"product_brand-succebuy","7":"product_cat-ice-cream-maker","8":"product_tag-ice-cream","9":"product_tag-ice-cream-makers","10":"product_tag-succebuy","12":"first","13":"instock","14":"shipping-taxable","15":"purchasable","16":"product-type-simple"},"_links":{"self":[{"href":"https:\/\/slushyplanet.com\/de\/wp-json\/wp\/v2\/product\/221050","targetHints":{"allow":["GET"]}}],"collection":[{"href":"https:\/\/slushyplanet.com\/de\/wp-json\/wp\/v2\/product"}],"about":[{"href":"https:\/\/slushyplanet.com\/de\/wp-json\/wp\/v2\/types\/product"}],"replies":[{"embeddable":true,"href":"https:\/\/slushyplanet.com\/de\/wp-json\/wp\/v2\/comments?post=221050"}],"wp:featuredmedia":[{"embeddable":true,"href":"https:\/\/slushyplanet.com\/de\/wp-json\/wp\/v2\/media\/221084"}],"wp:attachment":[{"href":"https:\/\/slushyplanet.com\/de\/wp-json\/wp\/v2\/media?parent=221050"}],"wp:term":[{"taxonomy":"product_brand","embeddable":true,"href":"https:\/\/slushyplanet.com\/de\/wp-json\/wp\/v2\/product_brand?post=221050"},{"taxonomy":"product_cat","embeddable":true,"href":"https:\/\/slushyplanet.com\/de\/wp-json\/wp\/v2\/product_cat?post=221050"},{"taxonomy":"product_tag","embeddable":true,"href":"https:\/\/slushyplanet.com\/de\/wp-json\/wp\/v2\/product_tag?post=221050"}],"curies":[{"name":"wp","href":"https:\/\/api.w.org\/{rel}","templated":true}]}}