{"id":221051,"date":"2025-08-12T22:04:06","date_gmt":"2025-08-12T22:04:06","guid":{"rendered":"https:\/\/slushyplanet.com\/?post_type=product&#038;p=221051"},"modified":"2025-11-03T23:09:58","modified_gmt":"2025-11-03T23:09:58","slug":"sihao-commercial-ice-cream-machine","status":"publish","type":"product","link":"https:\/\/slushyplanet.com\/de\/produkt\/sihao-commercial-ice-cream-machine\/","title":{"rendered":"Sihao Gewerbliche Eismaschine"},"content":{"rendered":"<ul class=\"seo-sellpoints--sellerPoint--RcmFO_y\" data-spm-anchor-id=\"a2g0o.detail.0.i4.7593FILZFILZot\">\n<li data-spm-anchor-id=\"a2g0o.detail.0.i2.7593FILZFILZot\">\n<p data-spm-anchor-id=\"a2g0o.detail.0.i3.7593FILZFILZot\">Benutzerfreundliches Design: M\u00fchelose Bedienung \u00fcber ein intelligentes Touch-Panel, das schnelle Anpassungen von Temperatur und H\u00e4rte erm\u00f6glicht.<\/p>\n<\/li>\n<li>Vielf\u00e4ltige Einsatzm\u00f6glichkeiten: Ideal f\u00fcr Milchtee-Shops, Dessertstationen und Fast-Food-Restaurants und geeignet f\u00fcr verschiedene Gastronomieszenarien.<\/li>\n<li>Doppelbeh\u00e4ltersystem: Zwei 6-Liter-Tanks erm\u00f6glichen gleichzeitiges Vork\u00fchlen und Lagern verschiedener Geschmacksrichtungen und optimieren so die Produktion.<\/li>\n<li>Energieeffizient: Der GMCC-Hocheffizienzkompressor sorgt f\u00fcr schnelles K\u00fchlen in 15\u201330 Minuten und senkt so die Energiekosten.<\/li>\n<li>Integrierter Waffelhalter: Der eingebaute Waffelhalter erm\u00f6glicht die sofortige Herstellung von Eiswaffeln und verbessert das Kundenerlebnis.\n<div>\n<div data-spm-anchor-id=\"a2g0o.detail.1000023.i0.7593FILZFILZot\">Standende Eismaschine mit Touchscreen und integriertem Waffelhalter<\/div>\n<div>20-Liter-Eismaschine mit gro\u00dfer Kapazit\u00e4t, standstehend, GMCC-Hocheffizienzkompressor, 15-min\u00fctige Schnellk\u00fchlung, Touchscreen-Steuerung, Genuss auf Knopfdruck! Integrierter Waffelhalter erm\u00f6glicht sofortige Herstellung und Verkauf von Eiswaffeln. Doppelzylinder- und Doppelwassertank-Design, Aromen k\u00f6nnen nach Belieben gewechselt werden. Lebensmittelechter Edelstahl, langlebig und leicht zu reinigen \u2013 die erste Wahl f\u00fcr Milchtee-Shops und Dessertstationen, begeistert m\u00fchelos die Geschmacksknospen Ihrer Kunden!<\/div>\n<div><\/div>\n<ul>\n<li>Intelligent und praktisch<\/li>\n<li>\n<p data-spm-anchor-id=\"a2g0o.detail.1000023.i1.7593FILZFILZot\">Funktionale Integration<\/p>\n<\/li>\n<\/ul>\n<\/div>\n<\/li>\n<\/ul>","protected":false},"excerpt":{"rendered":"<p>User-Friendly Design:Effortless operation with a smart touch panel, enabling quick temperature and hardness adjustments. Wide Application:Ideal for milk tea shops, dessert stations, and fast food restaurants, catering to diverse food service scenarios. Dual Tank System:Dual 6L tanks support simultaneous pre-cooling and storage of different flavors, streamlining production. Energy Efficient:GMCC high-efficiency compressor ensures rapid cooling in [&hellip;]<\/p>","protected":false},"featured_media":221091,"comment_status":"open","ping_status":"closed","template":"","meta":{"_et_pb_use_builder":"","_et_pb_old_content":"","_et_gb_content_width":""},"product_brand":[57],"product_cat":[32],"product_tag":[47,44,46,45,33,37,34,54,42],"class_list":{"0":"post-221051","1":"product","2":"type-product","3":"status-publish","4":"has-post-thumbnail","6":"product_brand-vevor","7":"product_cat-ice-cream-maker","8":"product_tag-20l-28l-h","9":"product_tag-cone-holder","10":"product_tag-dual-tanks","11":"product_tag-for-restaurant-bars","12":"product_tag-ice-cream","13":"product_tag-ice-cream-machine","14":"product_tag-ice-cream-makers","15":"product_tag-sihao","16":"product_tag-vevor","18":"first","19":"instock","20":"sale","21":"shipping-taxable","22":"purchasable","23":"product-type-simple"},"_links":{"self":[{"href":"https:\/\/slushyplanet.com\/de\/wp-json\/wp\/v2\/product\/221051","targetHints":{"allow":["GET"]}}],"collection":[{"href":"https:\/\/slushyplanet.com\/de\/wp-json\/wp\/v2\/product"}],"about":[{"href":"https:\/\/slushyplanet.com\/de\/wp-json\/wp\/v2\/types\/product"}],"replies":[{"embeddable":true,"href":"https:\/\/slushyplanet.com\/de\/wp-json\/wp\/v2\/comments?post=221051"}],"wp:featuredmedia":[{"embeddable":true,"href":"https:\/\/slushyplanet.com\/de\/wp-json\/wp\/v2\/media\/221091"}],"wp:attachment":[{"href":"https:\/\/slushyplanet.com\/de\/wp-json\/wp\/v2\/media?parent=221051"}],"wp:term":[{"taxonomy":"product_brand","embeddable":true,"href":"https:\/\/slushyplanet.com\/de\/wp-json\/wp\/v2\/product_brand?post=221051"},{"taxonomy":"product_cat","embeddable":true,"href":"https:\/\/slushyplanet.com\/de\/wp-json\/wp\/v2\/product_cat?post=221051"},{"taxonomy":"product_tag","embeddable":true,"href":"https:\/\/slushyplanet.com\/de\/wp-json\/wp\/v2\/product_tag?post=221051"}],"curies":[{"name":"wp","href":"https:\/\/api.w.org\/{rel}","templated":true}]}}