{"id":221097,"date":"2025-08-16T22:47:43","date_gmt":"2025-08-16T22:47:43","guid":{"rendered":"https:\/\/slushyplanet.com\/?post_type=product&#038;p=221097"},"modified":"2025-11-04T19:06:33","modified_gmt":"2025-11-04T19:06:33","slug":"succebuy-8l-2-1-gal-slushy-margarita-machine","status":"publish","type":"product","link":"https:\/\/slushyplanet.com\/de\/produkt\/succebuy-8l-2-1-gal-slushy-margarita-machine\/","title":{"rendered":"SucceBuy 8L\/2.1 Gal Slushy Margarita Machine"},"content":{"rendered":"<div>Leistungsstarker 880-W-Motor, digitales Display und austauschbare Leuchtbox<\/div>\n<div><\/div>\n<div>Der 8-Liter-Getr\u00e4nkespender bietet eine attraktive M\u00f6glichkeit, Ihren G\u00e4sten ihre Lieblingss\u00e4fte frisch zu servieren. Seine kompakte und robuste Bauweise ist ein gro\u00dfer Pluspunkt f\u00fcr jedes moderne Restaurant, jede Catering-Veranstaltung oder jedes Bankett. Er erm\u00f6glicht die bequeme und einfache Ausgabe einer Vielzahl gefrorener Getr\u00e4nke.<\/div>\n<div><\/div>\n<div>Geeignet f\u00fcr Gewerbe und Haushalt. Ausgestattet mit einem Premium-Kompressor und einem robusten Kupferkondensator, der schnell k\u00fchlt, Energie spart und ger\u00e4uscharm arbeitet. Setzen Sie neue Ma\u00dfst\u00e4be in Sachen Qualit\u00e4t und erleben Sie den Unterschied mit VEVOR!<\/div>\n<ul>\n<li>8-Liter-Slush-Maschine<\/li>\n<li>Un\u00fcbertroffene Qualit\u00e4t<\/li>\n<li>Schnelle K\u00fchlung und Mischung<\/li>\n<li>\n<p data-spm-anchor-id=\"a2g0o.detail.1000023.i1.6723Fct0Fct04p\">Pr\u00e4zises Bedienfeld<\/p>\n<\/li>\n<li>Ein Getr\u00e4nk f\u00fcr alle<\/li>\n<\/ul>","protected":false},"excerpt":{"rendered":"<p>880W Powerful Motor &amp; Digital Screen Display &amp; Changeable Light Box The 8L freezing drink dispenser provides an attractive way to serve your guests their favorite fresh juices. Compact and durable construction is a huge plus to any contemporary dining space, catered event, or banquet, and it dispenses a variety of frozen beverages with added [&hellip;]<\/p>","protected":false},"featured_media":221098,"comment_status":"open","ping_status":"closed","template":"","meta":{"_et_pb_use_builder":"","_et_pb_old_content":"","_et_gb_content_width":""},"product_brand":[83],"product_cat":[30],"product_tag":[39,49,31,48,40,43],"class_list":{"0":"post-221097","1":"product","2":"type-product","3":"status-publish","4":"has-post-thumbnail","6":"product_brand-succebuy","7":"product_cat-slushy","8":"product_tag-slushie","9":"product_tag-slushie-maker","10":"product_tag-slushy","11":"product_tag-slushy-margarita","12":"product_tag-smoothie","13":"product_tag-succebuy","15":"first","16":"instock","17":"shipping-taxable","18":"purchasable","19":"product-type-simple"},"_links":{"self":[{"href":"https:\/\/slushyplanet.com\/de\/wp-json\/wp\/v2\/product\/221097","targetHints":{"allow":["GET"]}}],"collection":[{"href":"https:\/\/slushyplanet.com\/de\/wp-json\/wp\/v2\/product"}],"about":[{"href":"https:\/\/slushyplanet.com\/de\/wp-json\/wp\/v2\/types\/product"}],"replies":[{"embeddable":true,"href":"https:\/\/slushyplanet.com\/de\/wp-json\/wp\/v2\/comments?post=221097"}],"wp:featuredmedia":[{"embeddable":true,"href":"https:\/\/slushyplanet.com\/de\/wp-json\/wp\/v2\/media\/221098"}],"wp:attachment":[{"href":"https:\/\/slushyplanet.com\/de\/wp-json\/wp\/v2\/media?parent=221097"}],"wp:term":[{"taxonomy":"product_brand","embeddable":true,"href":"https:\/\/slushyplanet.com\/de\/wp-json\/wp\/v2\/product_brand?post=221097"},{"taxonomy":"product_cat","embeddable":true,"href":"https:\/\/slushyplanet.com\/de\/wp-json\/wp\/v2\/product_cat?post=221097"},{"taxonomy":"product_tag","embeddable":true,"href":"https:\/\/slushyplanet.com\/de\/wp-json\/wp\/v2\/product_tag?post=221097"}],"curies":[{"name":"wp","href":"https:\/\/api.w.org\/{rel}","templated":true}]}}