{"id":221166,"date":"2025-08-17T15:11:49","date_gmt":"2025-08-17T15:11:49","guid":{"rendered":"https:\/\/slushyplanet.com\/?post_type=product&#038;p=221166"},"modified":"2025-08-17T19:13:27","modified_gmt":"2025-08-17T19:13:27","slug":"vevor-commercial-soft-ice-cream-machine-2200w-20-28l-h","status":"publish","type":"product","link":"https:\/\/slushyplanet.com\/de\/produkt\/vevor-commercial-soft-ice-cream-machine-2200w-20-28l-h\/","title":{"rendered":"VEVOR Gewerbliche Softeis-Maschine 2200\u202fW 20\u201328\u202fL\/H"},"content":{"rendered":"<p>Softeismaschine \u2013 Starten Sie eine k\u00f6stliche Reise<br \/>\n5,3\u20137,4 Gallonen\/Stunde, 3 Geschmacksrichtungen, 2200-W-Kompressor<br \/>\nUnsere aus Edelstahl gefertigte, gewerbliche Eismaschine ist leicht zu reinigen und besonders langlebig. Zwei Beh\u00e4lter (je 6 Liter) gew\u00e4hrleisten eine hohe Produktionsleistung von 20\u201328 Litern pro Stunde. Diese professionelle Eismaschine eignet sich ideal f\u00fcr Getr\u00e4nkeketten, Bars, Catering-Unternehmen und vieles mehr.<\/p>\n<p>HINWEIS: \u2460 Der Beh\u00e4lter verf\u00fcgt \u00fcber keine K\u00fchlfunktion. Bitte entnehmen Sie die Eismischung rechtzeitig, wenn sie nicht verwendet wird.<\/p>\n<p>\u2461 Angesichts der Wichtigkeit der Rezeptur von Eiscreme wird dringend empfohlen, das Standardverh\u00e4ltnis von Wasser und Eiscremepulver (1:2,5) einzuhalten, anstatt Milchpaste zu verwenden.<\/p>\n<p>6L Hohe Produktionskapazit\u00e4t<\/p>\n<p>2 Hopper &amp; 2+1 Geschmacksrichtungen<\/p>\n<p>Leistungsstarker 2200-W-Kompressor<\/p>\n<p>Intelligente LCD-Panel-Steuerung<\/p>\n<p>Gut gestaltete Details<\/p>","protected":false},"excerpt":{"rendered":"<p>VEVOR ist eine f\u00fchrende Marke f\u00fcr Ausr\u00fcstung und Werkzeuge. Gemeinsam mit Tausenden motivierten Mitarbeitern bietet VEVOR seinen Kunden robuste Ausr\u00fcstung und Werkzeuge zu unglaublich g\u00fcnstigen Preisen. Heute ist VEVOR in \u00fcber 200 L\u00e4ndern mit mehr als 10 Millionen Mitgliedern weltweit vertreten.<\/p>","protected":false},"featured_media":221167,"comment_status":"open","ping_status":"closed","template":"","meta":{"_et_pb_use_builder":"","_et_pb_old_content":"","_et_gb_content_width":""},"product_brand":[57],"product_cat":[32],"product_tag":[37,38,42],"class_list":{"0":"post-221166","1":"product","2":"type-product","3":"status-publish","4":"has-post-thumbnail","6":"product_brand-vevor","7":"product_cat-ice-cream-maker","8":"product_tag-ice-cream-machine","9":"product_tag-ice-cream-maker","10":"product_tag-vevor","12":"first","13":"instock","14":"shipping-taxable","15":"purchasable","16":"product-type-simple"},"_links":{"self":[{"href":"https:\/\/slushyplanet.com\/de\/wp-json\/wp\/v2\/product\/221166","targetHints":{"allow":["GET"]}}],"collection":[{"href":"https:\/\/slushyplanet.com\/de\/wp-json\/wp\/v2\/product"}],"about":[{"href":"https:\/\/slushyplanet.com\/de\/wp-json\/wp\/v2\/types\/product"}],"replies":[{"embeddable":true,"href":"https:\/\/slushyplanet.com\/de\/wp-json\/wp\/v2\/comments?post=221166"}],"wp:featuredmedia":[{"embeddable":true,"href":"https:\/\/slushyplanet.com\/de\/wp-json\/wp\/v2\/media\/221167"}],"wp:attachment":[{"href":"https:\/\/slushyplanet.com\/de\/wp-json\/wp\/v2\/media?parent=221166"}],"wp:term":[{"taxonomy":"product_brand","embeddable":true,"href":"https:\/\/slushyplanet.com\/de\/wp-json\/wp\/v2\/product_brand?post=221166"},{"taxonomy":"product_cat","embeddable":true,"href":"https:\/\/slushyplanet.com\/de\/wp-json\/wp\/v2\/product_cat?post=221166"},{"taxonomy":"product_tag","embeddable":true,"href":"https:\/\/slushyplanet.com\/de\/wp-json\/wp\/v2\/product_tag?post=221166"}],"curies":[{"name":"wp","href":"https:\/\/api.w.org\/{rel}","templated":true}]}}