{"id":221174,"date":"2025-08-17T17:56:08","date_gmt":"2025-08-17T17:56:08","guid":{"rendered":"https:\/\/slushyplanet.com\/?post_type=product&#038;p=221174"},"modified":"2026-03-17T12:14:25","modified_gmt":"2026-03-17T12:14:25","slug":"vevor-commercial-slushy-machine-8l-2-1-gal-double-bowl-margarita-machine","status":"publish","type":"product","link":"https:\/\/slushyplanet.com\/de\/produkt\/vevor-commercial-slushy-machine-8l-2-1-gal-double-bowl-margarita-machine\/","title":{"rendered":"VEVOR Gewerbliche Slushy-Maschine, 8\u202fL \/ 2,1\u202fGal Doppel-Schalen-Margarita-Maschine"},"content":{"rendered":"<p>&nbsp;<\/p>\n<ul class=\"a-unordered-list a-vertical a-spacing-mini\">\n<li class=\"a-spacing-mini\"><span class=\"a-list-item\"> 2 x 8L Slush-Maschine: Doppelbeh\u00e4lter-Slush-Maschine mit 8 Litern (2,1 US-Gallonen) Fassungsverm\u00f6gen. Unsere professionelle Slush-Maschine produziert 17\u201323 Liter Slush-Eis und 12\u201318 Liter alkoholische Getr\u00e4nke pro Stunde und versorgt so viele G\u00e4ste gleichzeitig. Dank der Vork\u00fchl- und Aufbewahrungsfunktion k\u00f6nnen Sie Ihre Getr\u00e4nke tags\u00fcber vork\u00fchlen und \u00fcber Nacht frisch halten, um den Geschmack optimal zu bewahren. Genie\u00dfen Sie jederzeit ein erfrischendes Getr\u00e4nk. <\/span><\/li>\n<li class=\"a-spacing-mini\"><span class=\"a-list-item\"> Un\u00fcbertroffene Qualit\u00e4t: Freuen Sie sich auf eine Slush-Maschine, die Ihre W\u00fcnsche kennt. Die gesamte Maschine ist aus hochwertigem, lebensmittelechtem Edelstahl 304 gefertigt, der hervorragend korrosions- und rostbest\u00e4ndig ist, hohem Druck standh\u00e4lt und sich leicht reinigen l\u00e4sst. Ein Schild im Zylinder erinnert Sie daran, rechtzeitig Zutaten nachzuf\u00fcllen; eine kleine \u00d6ffnung im Geh\u00e4use erm\u00f6glicht das Ausgie\u00dfen von Resten und verhindert so Verstopfungen. <\/span><\/li>\n<li class=\"a-spacing-mini\"><span class=\"a-list-item\"> Schnelle K\u00fchlung &amp; Mixen: Unser K\u00fchlsystem bietet hervorragende Eigenschaften f\u00fcr schnelles K\u00fchlen und die effiziente Herstellung von Slush-Eis, speziell entwickelt f\u00fcr den Sommergetr\u00e4nkemarkt. Der leistungsstarke 1155-W-Kompressor sorgt f\u00fcr schnelle K\u00fchlung bei gleichzeitig geringem Energieverbrauch und leisem Betrieb. <\/span><\/li>\n<li class=\"a-spacing-mini\"><span class=\"a-list-item\"> Pr\u00e4zises Bedienfeld: Diese Slush-Maschine ist mit einem benutzerfreundlichen Bedienfeld ausgestattet. Jede Sch\u00fcssel l\u00e4sst sich unabh\u00e4ngig steuern, die Einstellungen sind auf einem \u00fcbersichtlichen Digitaldisplay jederzeit ablesbar. Die Konsistenz l\u00e4sst sich so einfach wie nie zuvor an Ihre Bed\u00fcrfnisse anpassen. Dank der unkomplizierten Ein-Knopf-Bedienung servieren Sie im Handumdrehen Ihre Lieblings-Slush-Getr\u00e4nke. Zus\u00e4tzlich bietet die Maschine praktische Funktionen zur Fehlerdiagnose und eine Speicherfunktion bei Stromausfall. <\/span><\/li>\n<li class=\"a-spacing-mini\"><span class=\"a-list-item\"> F\u00fcr jeden Geschmack das Richtige: Diese Slush-Eis-Maschine bereitet eine Vielzahl an Getr\u00e4nken zu, darunter Margaritas, Slush-Eis, Eiskaffee, alkoholische Getr\u00e4nke, Fruchts\u00e4fte und Smoothies. Ideal f\u00fcr Restaurants, Bars, Wochenendpartys, Teestuben, Destillerien und Nagelstudios. Perfekt f\u00fcr den privaten und gewerblichen Gebrauch. <\/span><\/li>\n<\/ul>","protected":false},"excerpt":{"rendered":"<p>&nbsp; 2 x 8L Slushie Machine: Double-bowl slushy machine, 8L (2.1 US gal) in capacity. Our commercial slushy machine can make 17-23L of slushy and 12-18L of alcoholic drinks per hour, catering for many people at the same time. Moreover, the pre-cooling and preservation function allows you to pre-cool during the day and keep the [&hellip;]<\/p>","protected":false},"featured_media":221175,"comment_status":"open","ping_status":"closed","template":"","meta":{"_et_pb_use_builder":"","_et_pb_old_content":"","_et_gb_content_width":""},"product_brand":[57],"product_cat":[30],"product_tag":[56,55,39,49,31,48,40,43],"class_list":{"0":"post-221174","1":"product","2":"type-product","3":"status-publish","4":"has-post-thumbnail","6":"product_brand-vevor","7":"product_cat-slushy","8":"product_tag-double-bowl","9":"product_tag-margarita-machine","10":"product_tag-slushie","11":"product_tag-slushie-maker","12":"product_tag-slushy","13":"product_tag-slushy-margarita","14":"product_tag-smoothie","15":"product_tag-succebuy","17":"first","18":"instock","19":"shipping-taxable","20":"purchasable","21":"product-type-simple"},"_links":{"self":[{"href":"https:\/\/slushyplanet.com\/de\/wp-json\/wp\/v2\/product\/221174","targetHints":{"allow":["GET"]}}],"collection":[{"href":"https:\/\/slushyplanet.com\/de\/wp-json\/wp\/v2\/product"}],"about":[{"href":"https:\/\/slushyplanet.com\/de\/wp-json\/wp\/v2\/types\/product"}],"replies":[{"embeddable":true,"href":"https:\/\/slushyplanet.com\/de\/wp-json\/wp\/v2\/comments?post=221174"}],"wp:featuredmedia":[{"embeddable":true,"href":"https:\/\/slushyplanet.com\/de\/wp-json\/wp\/v2\/media\/221175"}],"wp:attachment":[{"href":"https:\/\/slushyplanet.com\/de\/wp-json\/wp\/v2\/media?parent=221174"}],"wp:term":[{"taxonomy":"product_brand","embeddable":true,"href":"https:\/\/slushyplanet.com\/de\/wp-json\/wp\/v2\/product_brand?post=221174"},{"taxonomy":"product_cat","embeddable":true,"href":"https:\/\/slushyplanet.com\/de\/wp-json\/wp\/v2\/product_cat?post=221174"},{"taxonomy":"product_tag","embeddable":true,"href":"https:\/\/slushyplanet.com\/de\/wp-json\/wp\/v2\/product_tag?post=221174"}],"curies":[{"name":"wp","href":"https:\/\/api.w.org\/{rel}","templated":true}]}}