{"id":221048,"date":"2025-08-12T21:57:28","date_gmt":"2025-08-12T21:57:28","guid":{"rendered":"https:\/\/slushyplanet.com\/?post_type=product&#038;p=221048"},"modified":"2025-11-04T13:27:27","modified_gmt":"2025-11-04T13:27:27","slug":"vevor-ice-cream-machine-1200w-a168-panassonic-compressor-ice-cream-maker-3flavors-ice-cream-making-machine-4-nozzles-lcd-pannel-copy","status":"publish","type":"product","link":"https:\/\/slushyplanet.com\/sr\/\u043f\u0440\u043e\u0438\u0437\u0432\u043e\u0434\/vevor-ice-cream-machine-1200w-a168-panassonic-compressor-ice-cream-maker-3flavors-ice-cream-making-machine-4-nozzles-lcd-pannel-copy\/","title":{"rendered":"VEVOR ma\u0161ina za sladoled 1200W A168 Panassonic kompresorska ma\u0161ina za sladoled"},"content":{"rendered":"<ul>\n<li data-spm-anchor-id=\"a2g0o.detail.1000023.i0.614c8VHa8VHaAF\">\n<p data-spm-anchor-id=\"a2g0o.detail.1000023.i1.614c8VHa8VHaAF\">Napravljena od ner\u0111ajuc\u0301eg \u010delika, na\u0161a komercijalna ma\u0161ina za sladoled je jednostavna za \u010di\u0161c\u0301enje i napravljena da traje. 2 levka (po 0,8 galona) obezbe\u0111uju visoku proizvodnju od 5 galona\/h. Ova profesionalna ma\u0161ina za sladoled je savr\u0161ena za lance hladnih pic\u0301a, barove, ugostiteljske industrije itd.<\/p>\n<\/li>\n<li>NAPOMENA<\/li>\n<li>\u2460 Rezervoar nema funkciju hla\u0111enja, zato blagovremeno izvadite smesu za sladoled kada je ne koristite.<\/li>\n<li>\u2461 S obzirom na va\u017enost formulacije sladoleda, toplo se preporu\u010duje da se pridr\u017eavate standardnog odnosa vode i praha za sladoled (1:2,5), umesto kori\u0161c\u0301enja mle\u010dne paste.<\/li>\n<li>3L Visok proizvodni kapacitet<\/li>\n<li>2 rezervoara i 2+1 ukusa<\/li>\n<li>Moc\u0301an kompresor od 1200 W<\/li>\n<li>\n<p data-spm-anchor-id=\"a2g0o.detail.1000023.i2.614c8VHa8VHaAF\">Inteligentna kontrola LCD panela<\/p>\n<\/li>\n<li>Dobro osmi\u0161ljeni detalji<\/li>\n<\/ul>","protected":false},"excerpt":{"rendered":"<p>Ma\u0161ina za sladoled VEVOR od 1200 W, koju pokrec\u0301e pouzdani Panasonic kompresor, dizajnirana je da proizvede tri ukusna ukusa plus jednu kombinaciju za beskrajne moguc\u0301nosti deserta. Sa \u010detiri zamenljive mlaznice, mo\u017eete kreirati razne teksture i oblike kako biste impresionirali svoje kupce ili goste.<\/p>\n<p>Intuitivna LCD kontrolna tabla pojednostavljuje rukovanje, dok efikasan sistem hla\u0111enja obezbe\u0111uje glatki, kremasti sladoled u svakoj seriji. Idealno za kafic\u0301e, restorane, poslasti\u010darnice ili ljubitelje sladoleda koji \u017eele profesionalne rezultate kod kuc\u0301e.<\/p>","protected":false},"featured_media":221042,"comment_status":"open","ping_status":"closed","template":"","meta":{"_et_pb_use_builder":"","_et_pb_old_content":"","_et_gb_content_width":""},"product_brand":[57],"product_cat":[32],"product_tag":[36,35,33,34],"class_list":{"0":"post-221048","1":"product","2":"type-product","3":"status-publish","4":"has-post-thumbnail","6":"product_brand-vevor","7":"product_cat-ice-cream-maker","8":"product_tag-4-nozzles","9":"product_tag-compressor-ice-cream","10":"product_tag-ice-cream","11":"product_tag-ice-cream-makers","13":"first","14":"instock","15":"shipping-taxable","16":"purchasable","17":"product-type-simple"},"_links":{"self":[{"href":"https:\/\/slushyplanet.com\/sr\/wp-json\/wp\/v2\/product\/221048","targetHints":{"allow":["GET"]}}],"collection":[{"href":"https:\/\/slushyplanet.com\/sr\/wp-json\/wp\/v2\/product"}],"about":[{"href":"https:\/\/slushyplanet.com\/sr\/wp-json\/wp\/v2\/types\/product"}],"replies":[{"embeddable":true,"href":"https:\/\/slushyplanet.com\/sr\/wp-json\/wp\/v2\/comments?post=221048"}],"wp:featuredmedia":[{"embeddable":true,"href":"https:\/\/slushyplanet.com\/sr\/wp-json\/wp\/v2\/media\/221042"}],"wp:attachment":[{"href":"https:\/\/slushyplanet.com\/sr\/wp-json\/wp\/v2\/media?parent=221048"}],"wp:term":[{"taxonomy":"product_brand","embeddable":true,"href":"https:\/\/slushyplanet.com\/sr\/wp-json\/wp\/v2\/product_brand?post=221048"},{"taxonomy":"product_cat","embeddable":true,"href":"https:\/\/slushyplanet.com\/sr\/wp-json\/wp\/v2\/product_cat?post=221048"},{"taxonomy":"product_tag","embeddable":true,"href":"https:\/\/slushyplanet.com\/sr\/wp-json\/wp\/v2\/product_tag?post=221048"}],"curies":[{"name":"wp","href":"https:\/\/api.w.org\/{rel}","templated":true}]}}