{"id":221049,"date":"2025-08-12T22:03:17","date_gmt":"2025-08-12T22:03:17","guid":{"rendered":"https:\/\/slushyplanet.com\/?post_type=product&#038;p=221049"},"modified":"2025-11-03T23:11:03","modified_gmt":"2025-11-03T23:11:03","slug":"vevor-commercial-ice-cream-machine-3-flavor-yogurt-maker","status":"publish","type":"product","link":"https:\/\/slushyplanet.com\/sr\/\u043f\u0440\u043e\u0438\u0437\u0432\u043e\u0434\/vevor-commercial-ice-cream-machine-3-flavor-yogurt-maker\/","title":{"rendered":"VEVOR komercijalna ma\u0161ina za sladoled, aparat za jogurt sa 3 ukusa"},"content":{"rendered":"<ul class=\"seo-sellpoints--sellerPoint--RcmFO_y\">\n<li>\n<p data-spm-anchor-id=\"a2g0o.detail.0.i1.1601lBazlBazUx\">Visok proizvodni kapacitet: Sa 2 bunkera od 0,8 galona, ovaj aparat za sladoled proizvodi 5 galona\/h, maksimizirajuc\u0301i efikasnost za preduzec\u0301a sa velikim prometom.<\/p>\n<\/li>\n<li>3 ukusa i 3 mlaznice: Ponudite 3 razli\u010dita ukusa i 3 mlaznice za prilago\u0111avanje prezentacija sladoleda i obradujte kupce raznoliko\u0161c\u0301u.<\/li>\n<li>Jednostavan dizajn: Ergonomske ru\u010dke, odvojiva posuda za kapanje i LCD ekran \u010dine ovu ma\u0161inu jednostavnom za rukovanje i odr\u017eavanje.<\/li>\n<li>\u0160iroka primena: Idealan za restorane, kafic\u0301e i supermarkete, ovaj aparat za sladoled je svestran za raznovrsne komercijalne uslove.<\/li>\n<li>\n<p data-spm-anchor-id=\"a2g0o.detail.0.i2.1601lBazlBazUx\">Moc\u0301an kompresor: Opremljena kompresorom od 1200 W, ma\u0161ina obezbe\u0111uje stabilnu i energetski efikasnu proizvodnju sladoleda.<\/p>\n<\/li>\n<\/ul>","protected":false},"excerpt":{"rendered":"<div data-spm-anchor-id=\"a2g0o.detail.1000023.i2.1601lBazlBazUx\">\n<div data-spm-anchor-id=\"a2g0o.detail.1000023.i0.1601lBazlBazUx\">Stona (pultna) ma\u0161ina za to\u010deni sladoled \u2013 zapo\u010dnite va\u0161e ukusno putovanje<\/div>\n<div>5 galona\/sat i 3 ukusa i kompresor od 1200 W<\/div>\n<div>Napravljena od ner\u0111ajuc\u0301eg \u010delika, na\u0161a komercijalna ma\u0161ina za sladoled je jednostavna za \u010di\u0161c\u0301enje i napravljena da traje. 2 levka (po 0,8 galona) obezbe\u0111uju visoku proizvodnju od 5 galona\/h. Ova profesionalna ma\u0161ina za sladoled je savr\u0161ena za lance hladnih pic\u0301a, barove, ugostiteljske industrije itd.<\/div>\n<ul>\n<li>NAPOMENA<\/li>\n<li>\u2460 Rezervoar nema funkciju hla\u0111enja, zato blagovremeno izvadite smesu za sladoled kada je ne koristite.<\/li>\n<li>\u2461 S obzirom na va\u017enost formulacije sladoleda, toplo se preporu\u010duje da se pridr\u017eavate standardnog odnosa vode i praha za sladoled (1:2,5), umesto kori\u0161c\u0301enja mle\u010dne paste.<\/li>\n<li>\n<p data-spm-anchor-id=\"a2g0o.detail.1000023.i1.1601lBazlBazUx\"><strong>Postoji jedna stvar koju treba da znate da se ove vrste ma\u0161ina za pravljenje mekog sladoleda sa 2+1 me\u0161avinom ukusa testiraju prilikom proizvodnje, tako da je potrebno da o\u010distite svoje ma\u0161ine pre upotrebe.<\/strong><\/p>\n<\/li>\n<li>3L Visok proizvodni kapacitet<\/li>\n<li>\n<p data-spm-anchor-id=\"a2g0o.detail.1000023.i3.1601lBazlBazUx\">2 rezervoara i 2+1 ukusa<\/p>\n<\/li>\n<li>Moc\u0301an kompresor od 1200 W<\/li>\n<li>Inteligentna kontrola LCD panela<\/li>\n<li>Dobro osmi\u0161ljeni detalji<\/li>\n<\/ul>\n<\/div>","protected":false},"featured_media":221077,"comment_status":"open","ping_status":"closed","template":"","meta":{"_et_pb_use_builder":"","_et_pb_old_content":"","_et_gb_content_width":""},"product_brand":[57],"product_cat":[32],"product_tag":[33,37,34,42,41],"class_list":{"0":"post-221049","1":"product","2":"type-product","3":"status-publish","4":"has-post-thumbnail","6":"product_brand-vevor","7":"product_cat-ice-cream-maker","8":"product_tag-ice-cream","9":"product_tag-ice-cream-machine","10":"product_tag-ice-cream-makers","11":"product_tag-vevor","12":"product_tag-yogurt-maker","14":"first","15":"instock","16":"shipping-taxable","17":"purchasable","18":"product-type-simple"},"_links":{"self":[{"href":"https:\/\/slushyplanet.com\/sr\/wp-json\/wp\/v2\/product\/221049","targetHints":{"allow":["GET"]}}],"collection":[{"href":"https:\/\/slushyplanet.com\/sr\/wp-json\/wp\/v2\/product"}],"about":[{"href":"https:\/\/slushyplanet.com\/sr\/wp-json\/wp\/v2\/types\/product"}],"replies":[{"embeddable":true,"href":"https:\/\/slushyplanet.com\/sr\/wp-json\/wp\/v2\/comments?post=221049"}],"wp:featuredmedia":[{"embeddable":true,"href":"https:\/\/slushyplanet.com\/sr\/wp-json\/wp\/v2\/media\/221077"}],"wp:attachment":[{"href":"https:\/\/slushyplanet.com\/sr\/wp-json\/wp\/v2\/media?parent=221049"}],"wp:term":[{"taxonomy":"product_brand","embeddable":true,"href":"https:\/\/slushyplanet.com\/sr\/wp-json\/wp\/v2\/product_brand?post=221049"},{"taxonomy":"product_cat","embeddable":true,"href":"https:\/\/slushyplanet.com\/sr\/wp-json\/wp\/v2\/product_cat?post=221049"},{"taxonomy":"product_tag","embeddable":true,"href":"https:\/\/slushyplanet.com\/sr\/wp-json\/wp\/v2\/product_tag?post=221049"}],"curies":[{"name":"wp","href":"https:\/\/api.w.org\/{rel}","templated":true}]}}