{"id":221050,"date":"2025-08-12T22:03:47","date_gmt":"2025-08-12T22:03:47","guid":{"rendered":"https:\/\/slushyplanet.com\/?post_type=product&#038;p=221050"},"modified":"2025-08-17T18:52:31","modified_gmt":"2025-08-17T18:52:31","slug":"succebuy-commercial-ice-cream-machine","status":"publish","type":"product","link":"https:\/\/slushyplanet.com\/sr\/\u043f\u0440\u043e\u0438\u0437\u0432\u043e\u0434\/succebuy-commercial-ice-cream-machine\/","title":{"rendered":"SucceBuy komercijalna ma\u0161ina za sladoled"},"content":{"rendered":"<p>Ova komercijalna ma\u0161ina za sladoled proizvodi sladoled za samo 15 minuta. Sa sna\u017enim kompresorom koji radi tiho sa manje od 66 dB. Mo\u017ee kontinuirano da proizvodi 4 do 6 kuglica sladoleda, dosti\u017euc\u0301i do 10 litara\/2,7 galona sladoleda na sat za savr\u0161eno glatku, kremastu teksturu.<\/p>\n<p>Sadr\u017ei ugra\u0111enu tehnologiju naduvavanja kako bi se pobolj\u0161ao kontakt sladoleda sa vazduhom za gla\u0111u teksturu koristec\u0301i istu koli\u010dinu sastojaka. Funkcija pode\u0161avanja tvrdoc\u0301e omoguc\u0301ava prilago\u0111avanje teksture prema li\u010dnim \u017eeljama, osiguravajuc\u0301i da je svaka porcija onakva kakva \u017eelite.<\/p>\n<p>Napravljena od visokokvalitetnog ner\u0111ajuc\u0301eg \u010delika sa cilindrom od ner\u0111ajuc\u0301eg \u010delika 304 prehrambene klase, ova ma\u0161ina za sladoled sa mekim porcijama nudi povec\u0301anu izdr\u017eljivost i lakoc\u0301u \u010di\u0161c\u0301enja. Njena svojstva otporna na r\u0111u osiguravaju dugotrajnost i higijenu u komercijalnim uslovima.<\/p>\n<p>Opremljen je rotacionim mehanizmom velike brzine i efikasnim sistemom hla\u0111enja, uklju\u010dujuc\u0301i ugra\u0111eni kondenzator od bakarnih cevi i bo\u010dne otvore velike povr\u0161ine. Ovaj dizajn obezbe\u0111uje ravnomerno hla\u0111enje i odvo\u0111enje toplote, promovi\u0161uc\u0301i konzistentnu teksturu i \u010dvrstinu sladoleda.<\/p>\n<ul>\n<li data-spm-anchor-id=\"a2g0o.detail.1000023.i4.578aZ7UNZ7UNRd\">\n<p data-spm-anchor-id=\"a2g0o.detail.1000023.i5.578aZ7UNZ7UNRd\">Visoka produktivnost: Sposobna da proizvede do 10 l\/10,6 kvarti sladoleda na sat, ova komercijalna ma\u0161ina za sladoled efikasno radi na sobnoj temperaturi (5 do 32\u00b0C \/ 41 do 89,6\u00b0F). Mo\u017ee konstantno da isporu\u010di 4 do 6 porcija (svaka od 80 g) bez prekida.<\/p>\n<\/li>\n<li>Brzo zamrzavanje sa sna\u017enim hla\u0111enjem: Zahvaljujuc\u0301i robusnom kompresoru i rezervoaru od 4 l\/4,2 kvarta, ova komercijalna ma\u0161ina za sladoled posti\u017ee brzo hla\u0111enje. Po\u010detno vreme zamrzavanja je samo 15 minuta, a naredne serije su spremne za 6 minuta ili manje, \u0161to obezbe\u0111uje kontinuirano snabdevanje.<\/li>\n<li>Jednostavan interfejs: Opremljen dodirnim panelom, ovaj aparat za sladoled pojednostavljuje rad. Njegov podignuti dizajn smanjuje potrebu za saginjanjem, integri\u0161uc\u0301i automatsko hla\u0111enje, \u010di\u0161c\u0301enje jednim klikom i pode\u0161avanja tajmera. Pratite vreme proizvodnje i preostalu koli\u010dinu jednim pogledom na intuitivnom ekranu.<\/li>\n<li>\u010cvrst i izdr\u017eljiv: Napravljen od visokokvalitetnog ner\u0111ajuc\u0301eg \u010delika SUS201 i sa cilindrom od ner\u0111ajuc\u0301eg \u010delika SUS304 prehrambene klase, aparat za komercijalni sladoled je \u010dvrst, otporan na r\u0111u i lak za \u010di\u0161c\u0301enje, osiguravajuc\u0301i dugotrajnost i bezbednost hrane.<\/li>\n<li>\n<p data-spm-anchor-id=\"a2g0o.detail.1000023.i6.578aZ7UNZ7UNRd\">Svestrana primena: Dizajnirana za svestranost, ova ma\u0161ina za sladoled sa mekim serviranjem je idealna za pravljenje \u0161irokog spektra poslastica na bazi sladoleda, uklju\u010dujuc\u0301i kornete, vafle i torte. Savr\u0161en je dodatak poslasti\u010darnicama sladoleda, kafic\u0301ima, barovima sa pic\u0301em i malim tezgama sa hranom, ulep\u0161avajuc\u0301i svaki komercijalni ambijent.<\/p>\n<\/li>\n<\/ul>\n<p>&nbsp;<\/p>","protected":false},"excerpt":{"rendered":"<p>This commercial desktop ice cream maker produces ice cream in just 15 minutes. With a powerful compressor that operates quietly at less than 66 dB. It can continuously deliver 4 to 6 ice cream balls, reaching up to 10L\/2.7 gal of ice cream per hour for the perfect smooth, creamy texture mix. Features built-in puffing [&hellip;]<\/p>","protected":false},"featured_media":221084,"comment_status":"open","ping_status":"closed","template":"","meta":{"_et_pb_use_builder":"","_et_pb_old_content":"","_et_gb_content_width":""},"product_brand":[83],"product_cat":[32],"product_tag":[33,34,43],"class_list":{"0":"post-221050","1":"product","2":"type-product","3":"status-publish","4":"has-post-thumbnail","6":"product_brand-succebuy","7":"product_cat-ice-cream-maker","8":"product_tag-ice-cream","9":"product_tag-ice-cream-makers","10":"product_tag-succebuy","12":"first","13":"instock","14":"shipping-taxable","15":"purchasable","16":"product-type-simple"},"_links":{"self":[{"href":"https:\/\/slushyplanet.com\/sr\/wp-json\/wp\/v2\/product\/221050","targetHints":{"allow":["GET"]}}],"collection":[{"href":"https:\/\/slushyplanet.com\/sr\/wp-json\/wp\/v2\/product"}],"about":[{"href":"https:\/\/slushyplanet.com\/sr\/wp-json\/wp\/v2\/types\/product"}],"replies":[{"embeddable":true,"href":"https:\/\/slushyplanet.com\/sr\/wp-json\/wp\/v2\/comments?post=221050"}],"wp:featuredmedia":[{"embeddable":true,"href":"https:\/\/slushyplanet.com\/sr\/wp-json\/wp\/v2\/media\/221084"}],"wp:attachment":[{"href":"https:\/\/slushyplanet.com\/sr\/wp-json\/wp\/v2\/media?parent=221050"}],"wp:term":[{"taxonomy":"product_brand","embeddable":true,"href":"https:\/\/slushyplanet.com\/sr\/wp-json\/wp\/v2\/product_brand?post=221050"},{"taxonomy":"product_cat","embeddable":true,"href":"https:\/\/slushyplanet.com\/sr\/wp-json\/wp\/v2\/product_cat?post=221050"},{"taxonomy":"product_tag","embeddable":true,"href":"https:\/\/slushyplanet.com\/sr\/wp-json\/wp\/v2\/product_tag?post=221050"}],"curies":[{"name":"wp","href":"https:\/\/api.w.org\/{rel}","templated":true}]}}