{"id":221051,"date":"2025-08-12T22:04:06","date_gmt":"2025-08-12T22:04:06","guid":{"rendered":"https:\/\/slushyplanet.com\/?post_type=product&#038;p=221051"},"modified":"2025-11-03T23:09:58","modified_gmt":"2025-11-03T23:09:58","slug":"sihao-commercial-ice-cream-machine","status":"publish","type":"product","link":"https:\/\/slushyplanet.com\/sr\/\u043f\u0440\u043e\u0438\u0437\u0432\u043e\u0434\/sihao-commercial-ice-cream-machine\/","title":{"rendered":"Sihao komercijalna ma\u0161ina za sladoled"},"content":{"rendered":"<ul class=\"seo-sellpoints--sellerPoint--RcmFO_y\" data-spm-anchor-id=\"a2g0o.detail.0.i4.7593FILZFILZot\">\n<li data-spm-anchor-id=\"a2g0o.detail.0.i2.7593FILZFILZot\">\n<p data-spm-anchor-id=\"a2g0o.detail.0.i3.7593FILZFILZot\">Jednostavan dizajn: Jednostavno rukovanje sa pametnim dodirnim panelom, omoguc\u0301ava brzo pode\u0161avanje temperature i tvrdoc\u0301e.<\/p>\n<\/li>\n<li>\u0160iroka primena: Idealno za prodavnice mle\u010dnog \u010daja, desertne stanice i restorane brze hrane, za razli\u010dite scenarije uslu\u017eivanja hrane.<\/li>\n<li>Sistem sa dva rezervoara: Dva rezervoara od 6 litara podr\u017eavaju istovremeno prethodno hla\u0111enje i skladi\u0161tenje razli\u010ditih ukusa, pojednostavljujuc\u0301i proizvodnju.<\/li>\n<li>Energetski efikasan: Visokoefikasni GMCC kompresor obezbe\u0111uje brzo hla\u0111enje za 15-30 minuta, smanjujuc\u0301i tro\u0161kove energije.<\/li>\n<li>Ugra\u0111eni stalak za kornete: Integrisani stalak za kornete omogu\u0107ava da odmah pravite\/poslu\u017eujete sladoled u kornetu, \u010dime se unapre\u0111uje iskustvo kupaca.\n<div>\n<div data-spm-anchor-id=\"a2g0o.detail.1000023.i0.7593FILZFILZot\">Samostoje\u0107a ma\u0161ina za sladoled sa ekranom osetljivim na dodir i ugra\u0111enim stalkom za kornete.<\/div>\n<div>Ma\u0161ina za sladoled velikog kapaciteta 20 litara, stojec\u0301a na podu, GMCC kompresor visoke efikasnosti, brzo hla\u0111enje od 15 minuta, kontrola ekrana osetljivog na dodir, u\u017eivanje jednim dodirom! Ugra\u0111ena stalak za kukuruz, korneti za sladoled se proizvode i prodaju odmah, dizajn sa dvostrukim cilindrom i dvostrukim rezervoarom za vodu, ukusi se mogu menjati po \u017eelji. Materijal od ner\u0111ajuc\u0301eg \u010delika prehrambene klase, izdr\u017eljiv i lak za \u010di\u0161c\u0301enje, prvi izbor za prodavnice mle\u010dnog \u010daja i desertne stanice, lako osvaja ukusne pupoljke kupaca!<\/div>\n<div><\/div>\n<ul>\n<li>Pametno i prakti\u010dno<\/li>\n<li>\n<p data-spm-anchor-id=\"a2g0o.detail.1000023.i1.7593FILZFILZot\">Funkcionalna integracija<\/p>\n<\/li>\n<\/ul>\n<\/div>\n<\/li>\n<\/ul>","protected":false},"excerpt":{"rendered":"<p>User-Friendly Design:Effortless operation with a smart touch panel, enabling quick temperature and hardness adjustments. Wide Application:Ideal for milk tea shops, dessert stations, and fast food restaurants, catering to diverse food service scenarios. Dual Tank System:Dual 6L tanks support simultaneous pre-cooling and storage of different flavors, streamlining production. Energy Efficient:GMCC high-efficiency compressor ensures rapid cooling in [&hellip;]<\/p>","protected":false},"featured_media":221091,"comment_status":"open","ping_status":"closed","template":"","meta":{"_et_pb_use_builder":"","_et_pb_old_content":"","_et_gb_content_width":""},"product_brand":[57],"product_cat":[32],"product_tag":[47,44,46,45,33,37,34,54,42],"class_list":{"0":"post-221051","1":"product","2":"type-product","3":"status-publish","4":"has-post-thumbnail","6":"product_brand-vevor","7":"product_cat-ice-cream-maker","8":"product_tag-20l-28l-h","9":"product_tag-cone-holder","10":"product_tag-dual-tanks","11":"product_tag-for-restaurant-bars","12":"product_tag-ice-cream","13":"product_tag-ice-cream-machine","14":"product_tag-ice-cream-makers","15":"product_tag-sihao","16":"product_tag-vevor","18":"first","19":"instock","20":"sale","21":"shipping-taxable","22":"purchasable","23":"product-type-simple"},"_links":{"self":[{"href":"https:\/\/slushyplanet.com\/sr\/wp-json\/wp\/v2\/product\/221051","targetHints":{"allow":["GET"]}}],"collection":[{"href":"https:\/\/slushyplanet.com\/sr\/wp-json\/wp\/v2\/product"}],"about":[{"href":"https:\/\/slushyplanet.com\/sr\/wp-json\/wp\/v2\/types\/product"}],"replies":[{"embeddable":true,"href":"https:\/\/slushyplanet.com\/sr\/wp-json\/wp\/v2\/comments?post=221051"}],"wp:featuredmedia":[{"embeddable":true,"href":"https:\/\/slushyplanet.com\/sr\/wp-json\/wp\/v2\/media\/221091"}],"wp:attachment":[{"href":"https:\/\/slushyplanet.com\/sr\/wp-json\/wp\/v2\/media?parent=221051"}],"wp:term":[{"taxonomy":"product_brand","embeddable":true,"href":"https:\/\/slushyplanet.com\/sr\/wp-json\/wp\/v2\/product_brand?post=221051"},{"taxonomy":"product_cat","embeddable":true,"href":"https:\/\/slushyplanet.com\/sr\/wp-json\/wp\/v2\/product_cat?post=221051"},{"taxonomy":"product_tag","embeddable":true,"href":"https:\/\/slushyplanet.com\/sr\/wp-json\/wp\/v2\/product_tag?post=221051"}],"curies":[{"name":"wp","href":"https:\/\/api.w.org\/{rel}","templated":true}]}}