{"id":221097,"date":"2025-08-16T22:47:43","date_gmt":"2025-08-16T22:47:43","guid":{"rendered":"https:\/\/slushyplanet.com\/?post_type=product&#038;p=221097"},"modified":"2025-11-04T19:06:33","modified_gmt":"2025-11-04T19:06:33","slug":"succebuy-8l-2-1-gal-slushy-margarita-machine","status":"publish","type":"product","link":"https:\/\/slushyplanet.com\/sr\/\u043f\u0440\u043e\u0438\u0437\u0432\u043e\u0434\/succebuy-8l-2-1-gal-slushy-margarita-machine\/","title":{"rendered":"Aparat za ka\u0161i\u010dastu margaritu SucceBuy od 8 litara\/2,1 galona"},"content":{"rendered":"<div>Moc\u0301an motor od 880 W i digitalni ekran i promenljiva svetlosna kutija<\/div>\n<div><\/div>\n<div>Dozator za zamrzavanje napitaka od 8 litara pru\u017ea atraktivan na\u010din da poslu\u017eite svojim gostima njihove omiljene sve\u017ee ce\u0111ene sokove. Kompaktna i izdr\u017eljiva konstrukcija je veliki plus za svaki savremeni prostor za ru\u010davanje, ketering doga\u0111aj ili banket, a on omoguc\u0301ava raznovrsno zamrznuto pic\u0301e uz dodatnu prakti\u010dnost i pristupa\u010dnost.<\/div>\n<div><\/div>\n<div>Pogodno za komercijalnu i porodi\u010dnu upotrebu. Poseduje vrhunski kompresor sa \u010dvrstim bakarnim kondenzatorom koji brzo hladi, \u0161tedi energiju i radi uz nisku buku. Postavite vi\u0161e standarde kvaliteta i osetite razliku sa VEVOR-om!<\/div>\n<ul>\n<li>8L Slushy Ma\u0161ina<\/li>\n<li>Kvalitet koji se ne mo\u017ee pobediti<\/li>\n<li>Brzo hla\u0111enje i blendiranje<\/li>\n<li>\n<p data-spm-anchor-id=\"a2g0o.detail.1000023.i1.6723Fct0Fct04p\">Precizna kontrolna tabla<\/p>\n<\/li>\n<li>Pic\u0301e za svakoga<\/li>\n<\/ul>","protected":false},"excerpt":{"rendered":"<p>880W Powerful Motor &amp; Digital Screen Display &amp; Changeable Light Box The 8L freezing drink dispenser provides an attractive way to serve your guests their favorite fresh juices. Compact and durable construction is a huge plus to any contemporary dining space, catered event, or banquet, and it dispenses a variety of frozen beverages with added [&hellip;]<\/p>","protected":false},"featured_media":221098,"comment_status":"open","ping_status":"closed","template":"","meta":{"_et_pb_use_builder":"","_et_pb_old_content":"","_et_gb_content_width":""},"product_brand":[83],"product_cat":[30],"product_tag":[39,49,31,48,40,43],"class_list":{"0":"post-221097","1":"product","2":"type-product","3":"status-publish","4":"has-post-thumbnail","6":"product_brand-succebuy","7":"product_cat-slushy","8":"product_tag-slushie","9":"product_tag-slushie-maker","10":"product_tag-slushy","11":"product_tag-slushy-margarita","12":"product_tag-smoothie","13":"product_tag-succebuy","15":"first","16":"instock","17":"shipping-taxable","18":"purchasable","19":"product-type-simple"},"_links":{"self":[{"href":"https:\/\/slushyplanet.com\/sr\/wp-json\/wp\/v2\/product\/221097","targetHints":{"allow":["GET"]}}],"collection":[{"href":"https:\/\/slushyplanet.com\/sr\/wp-json\/wp\/v2\/product"}],"about":[{"href":"https:\/\/slushyplanet.com\/sr\/wp-json\/wp\/v2\/types\/product"}],"replies":[{"embeddable":true,"href":"https:\/\/slushyplanet.com\/sr\/wp-json\/wp\/v2\/comments?post=221097"}],"wp:featuredmedia":[{"embeddable":true,"href":"https:\/\/slushyplanet.com\/sr\/wp-json\/wp\/v2\/media\/221098"}],"wp:attachment":[{"href":"https:\/\/slushyplanet.com\/sr\/wp-json\/wp\/v2\/media?parent=221097"}],"wp:term":[{"taxonomy":"product_brand","embeddable":true,"href":"https:\/\/slushyplanet.com\/sr\/wp-json\/wp\/v2\/product_brand?post=221097"},{"taxonomy":"product_cat","embeddable":true,"href":"https:\/\/slushyplanet.com\/sr\/wp-json\/wp\/v2\/product_cat?post=221097"},{"taxonomy":"product_tag","embeddable":true,"href":"https:\/\/slushyplanet.com\/sr\/wp-json\/wp\/v2\/product_tag?post=221097"}],"curies":[{"name":"wp","href":"https:\/\/api.w.org\/{rel}","templated":true}]}}