{"id":221104,"date":"2025-08-16T22:53:21","date_gmt":"2025-08-16T22:53:21","guid":{"rendered":"https:\/\/slushyplanet.com\/?post_type=product&#038;p=221104"},"modified":"2025-11-03T23:07:22","modified_gmt":"2025-11-03T23:07:22","slug":"commercial-electric-donut-maker","status":"publish","type":"product","link":"https:\/\/slushyplanet.com\/sr\/\u043f\u0440\u043e\u0438\u0437\u0432\u043e\u0434\/commercial-electric-donut-maker\/","title":{"rendered":"Komercijalni elektri\u010dni aparat za krofne"},"content":{"rendered":"<ul>\n<li data-spm-anchor-id=\"a2g0o.detail.0.i3.45a6MFgtMFgte9\">Jednostavno za rukovanje: Dizajnirana za jednostavnost, ova ma\u0161ina za pr\u017eenje krofni je jednostavna za kori\u0161c\u0301enje.<\/li>\n<li>Raznovrsne veli\u010dine kalupa: Uklju\u010duje 3 seta kalupa (25 mm, 35 \u200b\u200bmm, 45 mm) za razli\u010dite veli\u010dine krofni.<\/li>\n<li data-spm-anchor-id=\"a2g0o.detail.0.i4.45a6MFgtMFgte9\">Konstrukcija od ner\u0111ajuc\u0301eg \u010delika: Izra\u0111ena od izdr\u017eljivog ner\u0111ajuc\u0301eg \u010delika 304 za dugotrajnu komercijalnu upotrebu.<\/li>\n<li>Efikasan automatski sistem: Sadr\u017ei automatski sistem brojanja za preciznu proizvodnju krofni.<\/li>\n<li data-spm-anchor-id=\"a2g0o.detail.0.i6.45a6MFgtMFgte9\">High Output &amp; Efficiency:Achieve up to 800PCS\/H output, maximizing productivity in your bakery.<\/li>\n<\/ul>\n<p>Parametri<\/p>\n<p>Model: 101<\/p>\n<p>Opis: Mini automatska ma\u0161ina za krofne<\/p>\n<p>Dimenzije: 1000X360X650mm<\/p>\n<p>Zapremina: 7L<\/p>\n<p>Pre\u010dnik kalupa: 25 mm, 35 \u200b\u200bmm, 45 mm, dolazi sa 3 veli\u010dine<\/p>\n<p>Veli\u010dina krofne: 3-5 cm, 5-7 cm, 7-11 cm<\/p>\n<p>Output: 500-800PCS\/H<\/p>\n<p>Materijal ner\u0111ajuc\u0301i \u010delik 304<\/p>\n<p>Volta\u017ea: 110V-220V<\/p>\n<p>Snaga: 3000W<\/p>\n<p>Neto te\u017eina: 28 KG<\/p>\n<p>Bruto te\u017eina: 40 KG<\/p>","protected":false},"excerpt":{"rendered":"<p>Easy to Operate:Designed for simplicity, this donut fryer machine is user-friendly. Versatile Mould Sizes:Includes 3 sets of moulds (25mm, 35mm, 45mm) for diverse donut sizes. Stainless Steel Construction:Crafted from durable 304 stainless steel for long-lasting commercial use. Efficient Automatic System:Features an automatic counting system for precise donut production. High Output &amp; Efficiency:Achieve up to 800PCS\/H [&hellip;]<\/p>","protected":false},"featured_media":221133,"comment_status":"open","ping_status":"closed","template":"","meta":{"_et_pb_use_builder":"","_et_pb_old_content":"","_et_gb_content_width":""},"product_brand":[90],"product_cat":[50],"product_tag":[53,52,51],"class_list":{"0":"post-221104","1":"product","2":"type-product","3":"status-publish","4":"has-post-thumbnail","6":"product_brand-gaochushi","7":"product_cat-donut-maker","8":"product_tag-3-set-moulds","9":"product_tag-cake-donuts-fryer","10":"product_tag-donut-maker","12":"first","13":"instock","14":"shipping-taxable","15":"purchasable","16":"product-type-simple"},"_links":{"self":[{"href":"https:\/\/slushyplanet.com\/sr\/wp-json\/wp\/v2\/product\/221104","targetHints":{"allow":["GET"]}}],"collection":[{"href":"https:\/\/slushyplanet.com\/sr\/wp-json\/wp\/v2\/product"}],"about":[{"href":"https:\/\/slushyplanet.com\/sr\/wp-json\/wp\/v2\/types\/product"}],"replies":[{"embeddable":true,"href":"https:\/\/slushyplanet.com\/sr\/wp-json\/wp\/v2\/comments?post=221104"}],"wp:featuredmedia":[{"embeddable":true,"href":"https:\/\/slushyplanet.com\/sr\/wp-json\/wp\/v2\/media\/221133"}],"wp:attachment":[{"href":"https:\/\/slushyplanet.com\/sr\/wp-json\/wp\/v2\/media?parent=221104"}],"wp:term":[{"taxonomy":"product_brand","embeddable":true,"href":"https:\/\/slushyplanet.com\/sr\/wp-json\/wp\/v2\/product_brand?post=221104"},{"taxonomy":"product_cat","embeddable":true,"href":"https:\/\/slushyplanet.com\/sr\/wp-json\/wp\/v2\/product_cat?post=221104"},{"taxonomy":"product_tag","embeddable":true,"href":"https:\/\/slushyplanet.com\/sr\/wp-json\/wp\/v2\/product_tag?post=221104"}],"curies":[{"name":"wp","href":"https:\/\/api.w.org\/{rel}","templated":true}]}}