{"id":221160,"date":"2025-08-17T15:01:52","date_gmt":"2025-08-17T15:01:52","guid":{"rendered":"https:\/\/slushyplanet.com\/?post_type=product&#038;p=221160"},"modified":"2025-11-04T13:25:05","modified_gmt":"2025-11-04T13:25:05","slug":"sihao-commercial-ice-cream-maker-machine-20l-28l","status":"publish","type":"product","link":"https:\/\/slushyplanet.com\/sr\/\u043f\u0440\u043e\u0438\u0437\u0432\u043e\u0434\/sihao-commercial-ice-cream-maker-machine-20l-28l\/","title":{"rendered":"SIHAO komercijalna ma\u0161ina za pravljenje sladoleda: kapacitet 20L-28L\/sat"},"content":{"rendered":"<p>Ova komercijalna samostojec\u0301a ma\u0161ina za sladoled proizvodi sladoled za samo 14 minuta. Sa sna\u017enim kompresorom koji radi tiho sa manje od 66 dB. Mo\u017ee kontinuirano da proizvodi 6 do 8 kuglica sladoleda, dosti\u017euc\u0301i do 20l\/5,28 galona - 28l\/7,4 galona sladoleda na sat za savr\u0161en sladoled.<\/p>\n<p>Sadr\u017ei ugra\u0111enu tehnologiju naduvavanja kako bi se pobolj\u0161ao kontakt sladoleda sa vazduhom za gla\u0111u teksturu koristec\u0301i istu koli\u010dinu sastojaka. Funkcija pode\u0161avanja tvrdoc\u0301e omoguc\u0301ava prilago\u0111avanje teksture prema li\u010dnim \u017eeljama, osiguravajuc\u0301i da je svaka porcija onakva kakva \u017eelite.<\/p>\n<p>Napravljena od visokokvalitetnog ner\u0111ajuc\u0301eg \u010delika sa cilindrom od ner\u0111ajuc\u0301eg \u010delika 201 prehrambene klase\/ABS (S20B), ova ma\u0161ina za meki sladoled je otporna na r\u0111u, \u0161to obezbe\u0111uje dugotrajnost i higijenu u komercijalnim uslovima. Lako se \u010disti: Samo sipajte vodu i pritisnite dugme da biste otvorili funkciju automatskog \u010di\u0161c\u0301enja.<br \/>\nOpremljen je rotacionim mehanizmom velike brzine i efikasnim sistemom hla\u0111enja, uklju\u010dujuc\u0301i ugra\u0111eni kondenzator od bakarnih cevi i bo\u010dne otvore velike povr\u0161ine. Ovaj dizajn obezbe\u0111uje ravnomerno hla\u0111enje i odvo\u0111enje toplote, promovi\u0161uc\u0301i konzistentnu teksturu i \u010dvrstinu sladoleda.<\/p>\n<p>Idealno za razne komercijalne objekte, uklju\u010dujuc\u0301i poslasti\u010darnice, kafic\u0301e, burgernice, barove sa pic\u0301em i male tezge sa hranom. Kompaktna veli\u010dina i efikasan rad ma\u0161ine za sladoled \u010dine je vrednim dodatkom svakom ugostiteljskom objektu.<\/p>","protected":false},"excerpt":{"rendered":"<p>This commercial freestanding ice cream maker produces ice cream in just 14 minutes. With a powerful compressor that operates quietly at less than 66 dB. It can continuously deliver 6 to 8 ice cream balls, reaching up to 20L\/5.28 gal- 28L\/7.4 gal of ice cream per hour for the perfect ice cream. Features built-in puffing [&hellip;]<\/p>","protected":false},"featured_media":221161,"comment_status":"open","ping_status":"closed","template":"","meta":{"_et_pb_use_builder":"","_et_pb_old_content":"","_et_gb_content_width":""},"product_brand":[57],"product_cat":[32],"product_tag":[37,38,54],"class_list":{"0":"post-221160","1":"product","2":"type-product","3":"status-publish","4":"has-post-thumbnail","6":"product_brand-vevor","7":"product_cat-ice-cream-maker","8":"product_tag-ice-cream-machine","9":"product_tag-ice-cream-maker","10":"product_tag-sihao","12":"first","13":"instock","14":"shipping-taxable","15":"purchasable","16":"product-type-simple"},"_links":{"self":[{"href":"https:\/\/slushyplanet.com\/sr\/wp-json\/wp\/v2\/product\/221160","targetHints":{"allow":["GET"]}}],"collection":[{"href":"https:\/\/slushyplanet.com\/sr\/wp-json\/wp\/v2\/product"}],"about":[{"href":"https:\/\/slushyplanet.com\/sr\/wp-json\/wp\/v2\/types\/product"}],"replies":[{"embeddable":true,"href":"https:\/\/slushyplanet.com\/sr\/wp-json\/wp\/v2\/comments?post=221160"}],"wp:featuredmedia":[{"embeddable":true,"href":"https:\/\/slushyplanet.com\/sr\/wp-json\/wp\/v2\/media\/221161"}],"wp:attachment":[{"href":"https:\/\/slushyplanet.com\/sr\/wp-json\/wp\/v2\/media?parent=221160"}],"wp:term":[{"taxonomy":"product_brand","embeddable":true,"href":"https:\/\/slushyplanet.com\/sr\/wp-json\/wp\/v2\/product_brand?post=221160"},{"taxonomy":"product_cat","embeddable":true,"href":"https:\/\/slushyplanet.com\/sr\/wp-json\/wp\/v2\/product_cat?post=221160"},{"taxonomy":"product_tag","embeddable":true,"href":"https:\/\/slushyplanet.com\/sr\/wp-json\/wp\/v2\/product_tag?post=221160"}],"curies":[{"name":"wp","href":"https:\/\/api.w.org\/{rel}","templated":true}]}}