{"id":221166,"date":"2025-08-17T15:11:49","date_gmt":"2025-08-17T15:11:49","guid":{"rendered":"https:\/\/slushyplanet.com\/?post_type=product&#038;p=221166"},"modified":"2025-08-17T19:13:27","modified_gmt":"2025-08-17T19:13:27","slug":"vevor-commercial-soft-ice-cream-machine-2200w-20-28l-h","status":"publish","type":"product","link":"https:\/\/slushyplanet.com\/sr\/\u043f\u0440\u043e\u0438\u0437\u0432\u043e\u0434\/vevor-commercial-soft-ice-cream-machine-2200w-20-28l-h\/","title":{"rendered":"VEVOR komercijalna ma\u0161ina za meki sladoled 2200W 20-28L\/\u010c"},"content":{"rendered":"<p>Ma\u0161ina za meki sladoled<br \/>\n5,3-7,4 galona\/sat i 3 ukusa i kompresor od 2200 W<br \/>\nNapravljena od ner\u0111ajuc\u0301eg \u010delika, na\u0161a komercijalna ma\u0161ina za sladoled je jednostavna za \u010di\u0161c\u0301enje i napravljena da traje. 2 levka (po 1,6 galona) obezbe\u0111uju visoku proizvodnju od 5,3-7,4 galona\/h. Ova profesionalna ma\u0161ina za sladoled je savr\u0161ena za lance hladnih pic\u0301a, barove, ugostiteljske industrije itd.<\/p>\n<p>NAPOMENA: \u2460Rezervoar nema funkciju hla\u0111enja, zato blagovremeno izvadite smesu za sladoled kada je ne koristite.<\/p>\n<p>\u2461S obzirom na va\u017enost formulacije sladoleda, toplo se preporu\u010duje da se pridr\u017eavate standardnog odnosa vode i praha za sladoled (1:2,5), umesto kori\u0161c\u0301enja mle\u010dne paste.<\/p>\n<p>Visok proizvodni kapacitet od 6 litara<\/p>\n<p>2 rezervoara i 2+1 ukusa<\/p>\n<p>Moc\u0301an kompresor od 2200 W<\/p>\n<p>Inteligentna kontrola LCD panela<\/p>\n<p>Dobro osmi\u0161ljeni detalji<\/p>","protected":false},"excerpt":{"rendered":"<p>VEVOR je vodec\u0301i brend specijalizovan za opremu i alate. Zajedno sa hiljadama motivisanih zaposlenih, VEVOR je posvec\u0301en pru\u017eanju izdr\u017eljive opreme i alata na\u0161im kupcima po neverovatno niskim cenama. Danas, VEVOR je zauzeo tr\u017ei\u0161ta vi\u0161e od 200 zemalja sa preko 10 miliona \u010dlanova \u0161irom sveta.<\/p>","protected":false},"featured_media":221167,"comment_status":"open","ping_status":"closed","template":"","meta":{"_et_pb_use_builder":"","_et_pb_old_content":"","_et_gb_content_width":""},"product_brand":[57],"product_cat":[32],"product_tag":[37,38,42],"class_list":{"0":"post-221166","1":"product","2":"type-product","3":"status-publish","4":"has-post-thumbnail","6":"product_brand-vevor","7":"product_cat-ice-cream-maker","8":"product_tag-ice-cream-machine","9":"product_tag-ice-cream-maker","10":"product_tag-vevor","12":"first","13":"instock","14":"shipping-taxable","15":"purchasable","16":"product-type-simple"},"_links":{"self":[{"href":"https:\/\/slushyplanet.com\/sr\/wp-json\/wp\/v2\/product\/221166","targetHints":{"allow":["GET"]}}],"collection":[{"href":"https:\/\/slushyplanet.com\/sr\/wp-json\/wp\/v2\/product"}],"about":[{"href":"https:\/\/slushyplanet.com\/sr\/wp-json\/wp\/v2\/types\/product"}],"replies":[{"embeddable":true,"href":"https:\/\/slushyplanet.com\/sr\/wp-json\/wp\/v2\/comments?post=221166"}],"wp:featuredmedia":[{"embeddable":true,"href":"https:\/\/slushyplanet.com\/sr\/wp-json\/wp\/v2\/media\/221167"}],"wp:attachment":[{"href":"https:\/\/slushyplanet.com\/sr\/wp-json\/wp\/v2\/media?parent=221166"}],"wp:term":[{"taxonomy":"product_brand","embeddable":true,"href":"https:\/\/slushyplanet.com\/sr\/wp-json\/wp\/v2\/product_brand?post=221166"},{"taxonomy":"product_cat","embeddable":true,"href":"https:\/\/slushyplanet.com\/sr\/wp-json\/wp\/v2\/product_cat?post=221166"},{"taxonomy":"product_tag","embeddable":true,"href":"https:\/\/slushyplanet.com\/sr\/wp-json\/wp\/v2\/product_tag?post=221166"}],"curies":[{"name":"wp","href":"https:\/\/api.w.org\/{rel}","templated":true}]}}