{"id":221174,"date":"2025-08-17T17:56:08","date_gmt":"2025-08-17T17:56:08","guid":{"rendered":"https:\/\/slushyplanet.com\/?post_type=product&#038;p=221174"},"modified":"2026-03-17T12:14:25","modified_gmt":"2026-03-17T12:14:25","slug":"vevor-commercial-slushy-machine-8l-2-1-gal-double-bowl-margarita-machine","status":"publish","type":"product","link":"https:\/\/slushyplanet.com\/sr\/\u043f\u0440\u043e\u0438\u0437\u0432\u043e\u0434\/vevor-commercial-slushy-machine-8l-2-1-gal-double-bowl-margarita-machine\/","title":{"rendered":"VEVOR komercijalna ma\u0161ina za ka\u0161u, ma\u0161ina za margaritu sa dvostrukom posudom od 8 l \/ 2,1 galona"},"content":{"rendered":"<p>&nbsp;<\/p>\n<ul class=\"a-unordered-list a-vertical a-spacing-mini\">\n<li class=\"a-spacing-mini\"><span class=\"a-list-item\"> 2 \u00d7 8 L slushy ma\u0161ina: Slushy ma\u0161ina sa dve posude, kapaciteta 8 L (2,1 US gal) po posudi. Na\u0161a komercijalna slushy ma\u0161ina mo\u017ee da napravi 17\u201323 L slush napitka i 12\u201318 L alkoholnih napitaka na sat, \u0161to omogu\u0107ava poslu\u017eivanje velikog broja ljudi u isto vreme. Pored toga, funkcija pretla\u0111enja i o\u010duvanja omogu\u0107ava da tokom dana unapred rashladite napitak, a tokom no\u0107i zadr\u017eite sve\u017einu kako bi se ukus bolje sa\u010duvao. U\u017eivajte u osve\u017eavaju\u0107em pi\u0107u u bilo kom trenutku. <\/span><\/li>\n<li class=\"a-spacing-mini\"><span class=\"a-list-item\"> Kvalitet koji se ne mo\u017ee nadma\u0161iti: Spremite se za slushy ma\u0161inu koja zna \u0161ta vam treba. Cela slushy ma\u0161ina izra\u0111ena je od visokokvalitetnog, prehrambenog ner\u0111aju\u0107eg \u010delika 304, koji ima odli\u010dnu otpornost na koroziju i r\u0111u, podnosi visok pritisak i lako se \u010disti. Na cilindru se nalazi oznaka koja vas podse\u0107a da na vreme dopunite sirovinu; na ku\u0107i\u0161tu postoji mali otvor za ispu\u0161tanje preostalih sastojaka kako bi se izbeglo zapu\u0161avanje. <\/span><\/li>\n<li class=\"a-spacing-mini\"><span class=\"a-list-item\"> Brzo hla\u0111enje i me\u0161anje: Na\u0161 rashladni sistem ima odli\u010dne karakteristike za brzo hla\u0111enje i efikasnu proizvodnju slush napitaka, posebno dizajniran za potrebe letnjeg biznisa sa zamrznutim napicima. Sna\u017ean kompresor od 1155 W obezbe\u0111uje brzo hla\u0111enje uz u\u0161tedu energije, pri \u010demu zadr\u017eava tih rad. <\/span><\/li>\n<li class=\"a-spacing-mini\"><span class=\"a-list-item\"> Precizan kontrolni panel: Ova slushy ma\u0161ina je opremljena panelom koji je jednostavan za upotrebu. Svaka posuda mo\u017ee da se kontroli\u0161e nezavisno, uz jasan digitalni prikaz koji se lako o\u010ditava na prvi pogled. Pode\u0161avanje gustine prema va\u0161im potrebama nikada nije bilo jednostavnije. Jednostavno upravljanje jednim dodirom omogu\u0107ava brzo poslu\u017eivanje va\u0161ih omiljenih zamrznutih napitaka. Tu su i prakti\u010dna pode\u0161avanja za dijagnostiku gre\u0161aka, kao i memorija u slu\u010daju nestanka struje. <\/span><\/li>\n<li class=\"a-spacing-mini\"><span class=\"a-list-item\"> Pi\u0107e za svakoga: Ova ma\u0161ina za zamrznute napitke mo\u017ee da priprema mnogo razli\u010ditih vrsta pi\u0107a, kao \u0161to su margarite, slush napici, ledena kafa, alkoholna pi\u0107a, vo\u0107ni napici i smutiji. Idealna je za restorane, barove, vikend \u017eurke, \u010dajd\u017einice, destilerije i salone za nokte. Savr\u0161ena je i za ku\u0107nu i za komercijalnu upotrebu. <\/span><\/li>\n<\/ul>","protected":false},"excerpt":{"rendered":"<p>&nbsp; 2 x 8L Slushie Machine: Double-bowl slushy machine, 8L (2.1 US gal) in capacity. Our commercial slushy machine can make 17-23L of slushy and 12-18L of alcoholic drinks per hour, catering for many people at the same time. Moreover, the pre-cooling and preservation function allows you to pre-cool during the day and keep the [&hellip;]<\/p>","protected":false},"featured_media":221175,"comment_status":"open","ping_status":"closed","template":"","meta":{"_et_pb_use_builder":"","_et_pb_old_content":"","_et_gb_content_width":""},"product_brand":[57],"product_cat":[30],"product_tag":[56,55,39,49,31,48,40,43],"class_list":{"0":"post-221174","1":"product","2":"type-product","3":"status-publish","4":"has-post-thumbnail","6":"product_brand-vevor","7":"product_cat-slushy","8":"product_tag-double-bowl","9":"product_tag-margarita-machine","10":"product_tag-slushie","11":"product_tag-slushie-maker","12":"product_tag-slushy","13":"product_tag-slushy-margarita","14":"product_tag-smoothie","15":"product_tag-succebuy","17":"first","18":"instock","19":"shipping-taxable","20":"purchasable","21":"product-type-simple"},"_links":{"self":[{"href":"https:\/\/slushyplanet.com\/sr\/wp-json\/wp\/v2\/product\/221174","targetHints":{"allow":["GET"]}}],"collection":[{"href":"https:\/\/slushyplanet.com\/sr\/wp-json\/wp\/v2\/product"}],"about":[{"href":"https:\/\/slushyplanet.com\/sr\/wp-json\/wp\/v2\/types\/product"}],"replies":[{"embeddable":true,"href":"https:\/\/slushyplanet.com\/sr\/wp-json\/wp\/v2\/comments?post=221174"}],"wp:featuredmedia":[{"embeddable":true,"href":"https:\/\/slushyplanet.com\/sr\/wp-json\/wp\/v2\/media\/221175"}],"wp:attachment":[{"href":"https:\/\/slushyplanet.com\/sr\/wp-json\/wp\/v2\/media?parent=221174"}],"wp:term":[{"taxonomy":"product_brand","embeddable":true,"href":"https:\/\/slushyplanet.com\/sr\/wp-json\/wp\/v2\/product_brand?post=221174"},{"taxonomy":"product_cat","embeddable":true,"href":"https:\/\/slushyplanet.com\/sr\/wp-json\/wp\/v2\/product_cat?post=221174"},{"taxonomy":"product_tag","embeddable":true,"href":"https:\/\/slushyplanet.com\/sr\/wp-json\/wp\/v2\/product_tag?post=221174"}],"curies":[{"name":"wp","href":"https:\/\/api.w.org\/{rel}","templated":true}]}}